{"id":61,"date":"2017-06-21T20:35:36","date_gmt":"2017-06-21T18:35:36","guid":{"rendered":"http:\/\/www.hornamicina.eu\/web\/?page_id=61"},"modified":"2017-06-27T20:37:26","modified_gmt":"2017-06-27T18:37:26","slug":"historia-obce","status":"publish","type":"page","link":"https:\/\/www.hornamicina.eu\/web\/historia-obce\/","title":{"rendered":"Hist\u00f3ria obce"},"content":{"rendered":"<div class=\"mp-row-fluid motopress-row mpce-dsbl-margin-left mpce-dsbl-margin-right\">\n<div class=\"motopress-clmn mp-span10  mpce-dsbl-margin-left mpce-dsbl-margin-right\">\n<div class=\"motopress-text-obj\">\n<p>Obec Horn\u00e1 Mi\u010din\u00e1 le\u017e\u00ed v z\u00e1padnej \u010dasti Slovensk\u00e9ho Rudohoria. M\u00e1 pahorkatinov\u00fd a\u017e vrchovinov\u00fd r\u00e1z, patr\u00ed k Bystrickej vrchovine, ktor\u00e1 tvor\u00ed najv\u00e4\u010d\u0161iu \u010das\u0165 Zvolenskej kotliny. Na kopci Kozlinec sa nach\u00e1dza chr\u00e1nen\u00e9 n\u00e1lezisko duba plstnat\u00e9ho o v\u00fdmere 25,62 ha a bolo zap\u00edsan\u00e9 medzi chr\u00e1nen\u00e9 oblasti v roku 1967. Chot\u00e1r m\u00e1 rozlohu 1571 ha a sused\u00ed s Banskou Bystricou, M\u00f4l\u010dou, Oravcami, Dolnou Mi\u010dinou, Lukavicou, Vlkanovou, Ilia\u0161om.<\/p>\n<p>Horn\u00e1 Mi\u010din\u00e1 sa v historick\u00fdch z\u00e1znamoch po prv\u00fd raz spom\u00edna v roku 1293 ako \u00fazemie zemep\u00e1na Mikeho syna Radunovho. Od tejto doby bolo \u00fazemie obce s\u00fastavne os\u00eddlen\u00e9. Obec po\u010das svojej existencie pre\u0161la zlo\u017eit\u00fdm v\u00fdvojom a patrila nesk\u00f4r zemep\u00e1nom rodiny Benick\u00fdch , ktor\u00fd dedi\u010dne zast\u00e1val \u00farad pod\u017eupana Zvolenskej \u017eupy a ich s\u00eddlo Horn\u00e1 Mi\u010din\u00e1 sa v istom zmysle st\u00e1va aj centrom Zvolenskej \u017eupy.<\/p>\n<\/div>\n<\/div>\n<div class=\"motopress-clmn mp-span2  mpce-dsbl-margin-left mpce-dsbl-margin-right\">\n<div class=\"motopress-image-obj motopress-text-align-center\"><img decoding=\"async\" src=\"https:\/\/i0.wp.com\/www.hornamicina.eu\/web\/wp-content\/uploads\/2017\/06\/cropped-logo-1.png?fit=250%2C250&ssl=1\" title=\"Horna Micina Logo\" alt=\"horna micina logo erb\" class=\"motopress-image-obj-basic ciernobiely_eff tilt mpce-dsbl-margin-left mpce-dsbl-margin-right mpce-dsbl-margin-top mpce-dsbl-margin-bottom\" \/><\/div>\n<\/div>\n<\/div>\n<div class=\"mp-row-fluid motopress-row mpce-dsbl-margin-left mpce-dsbl-margin-right\">\n<div class=\"motopress-clmn mp-span12  mpce-dsbl-margin-left mpce-dsbl-margin-right\">\n<div class=\"motopress-text-obj\">\n<p>Bitka pri Moh\u00e1\u010di roku 1526 mala tragick\u00e9 n\u00e1sledky aj pre stredn\u00e9 Slovensko. V tomto obdob\u00ed Turci postupne dob\u00edjali bli\u017e\u0161ie \u010di vzdialenej\u0161ie mest\u00e1 a upriamili pozornos\u0165 aj na bohatstvo stredoslovensk\u00fdch bansk\u00fdch miest. V okol\u00ed sa prv\u00fdkr\u00e1t objavili roku 1575, ke\u010f napadli O\u010dov\u00fa a postupne sa pribl\u00ed\u017eili aj k Hornej Mi\u010dinej. Ve\u013ekovez\u00edr Ibrahim v okt\u00f3bri 1599 vyslala po\u010detn\u00e9 oddiely krymsk\u00fdch Tat\u00e1rov, ktor\u00ed za\u00fato\u010dili na Horn\u00fa Mi\u010din\u00fa a vyrabovali ju. E\u0161te aj v roku 1657 im obec odv\u00e1dzala poplatky.<\/p>\n<p>Ke\u010f v 16. Storo\u010d\u00ed sa na Slovensko roz\u0161\u00edrili my\u0161lienky reform\u00e1cie je pravdepodobn\u00e9, \u017ee do na\u0161ich kon\u010d\u00edn ju priniesli nemeck\u00ed kupci cez Bansk\u00fa Bystricu. Pod\u013ea historick\u00fdch prame\u0148ov n\u00e1bo\u017eensk\u00e9 spory v tomto \u010dase sa rie\u0161ili krutos\u0165ou a fanatizmom. Benickovci sa p\u00f4vodne pridali k protestantizmu, ale jedna vetva, pr\u00e1ve t\u00e1 mi\u010dinsk\u00e1 sa vr\u00e1tila ku katol\u00edckej cirkvi. Rodina Benick\u00fdch sa postupne pres\u00favala po Pe\u0161ti a ich majetky z\u00edskava rodina Heritzovcov, ktor\u00e1 v obci p\u00f4sobila a\u017e do II. Svetovej vojny.<\/p>\n<p>Prv\u00fa arch\u00edvnu spr\u00e1vu o existencii katol\u00edckej \u0161koly v obci je z kanonickej vizit\u00e1zie z roku 1781. Evajnjelici chocdili do \u0161koly v Dolnej Mi\u010dinej. V roku 1930 pre\u0161la evanjelick\u00e1 \u0161kola pod \u0161t\u00e1tnu spr\u00e1vu. T\u00e1to budova bola ve\u013emi zlom stave a preto v roku 1978 do volebn\u00e9ho programu obce bola zaraden\u00e1 v\u00fdstavba Z\u00e1kladnej \u0161koly I a je to pr\u00e1ve t\u00e1to budova, v ktorej sa nach\u00e1dzame I No \u017eia\u013e m\u00e1lotriedna Z\u00e1kladn\u00e1 \u0160kola obci v roku 1981 bola zru\u0161en\u00e1 a tak novostavan\u00fa stavbu dokon\u010dili spojili ako Matersk\u00fa \u0160kolu, ktor\u00e1 tie\u017e zanikla. V roku 1992 tu bolo do\u010dasne umiestnen\u00e9 na jeden \u0161kolsk\u00fd rok novovytvoren\u00e9 Evanjelick\u00e9 Gymn\u00e1zium z Banskej Bystrici .<\/p>\n<p>&nbsp;<\/p>\n<p>Horn\u00e1 Mi\u010din\u00e1 od roku 1883 do roku 1950 bola s\u00eddlom notari\u00e1tu pre v\u0161etky okolit\u00e9 obce. Potom bol zriaden\u00fd matri\u010dn\u00fd \u00farad, ktor\u00fd bol zru\u0161en\u00fd v roku 1974 a teraz obec patr\u00ed pod Matri\u010dn\u00fd \u00farad v Banskej Bystrici. V tom istom roku (1883) bola tu otvoren\u00e1 prv\u00e1 bryndziare\u0148 podnikate\u013eom Brukhartom, ktor\u00fd v pivnici v ka\u0161tieli vyr\u00e1bal plesniv\u00fd syr, ktor\u00fd konkuroval roquefortu.<br \/>\nV roku 1914 rozpory medzi ve\u013emocami vyvrcholili do I. svetovej vojny. V prv\u00fdch d\u0148och mobiliz\u00e1cie aj z Hornej Mi\u010dinej narukovalo 27 brancov. Po\u010das vojny padlo 20 ob\u010danov obce, na po\u010des\u0165 ktor\u00fdch obec v roku 1938 odhalila v miestnom parku pam\u00e4tn\u00edk o \u00fapravu ktor\u00e9ho sa staraj\u00fa \u010dlenova ZO slovensk\u00e9ho zv\u00e4zu protifa\u0161istick\u00fdch bojovn\u00edkov.<\/p>\n<p>S hist\u00f3riou CZ ECAV na Slovensku Horn\u00e1 Mi\u010din\u00e1, kult\u00farnymi pamiatkami, taktie\u017e so stavbou r\u00edmskokatol\u00edckeho kostola, ktor\u00fd patr\u00ed farnosti \u010cer\u00edn, ste boli obozn\u00e1men\u00ed pri ich prehliadke.<br \/>\nRok 1918 otv\u00e1ra nov\u00fa kapitolu v dejin\u00e1ch Slovenska. Za\u010diatky nov\u00e9ho \u0161t\u00e1tu boli ve\u013emi \u0165a\u017ek\u00e9, \u010do samozrejme sa odzrkad\u013eovalo aj na \u017eivote obce. Obec mala po\u013enohospod\u00e1rsky charakter a jej rozvoj zastavila hospod\u00e1rska kr\u00edza v roku 1930. V tom \u010dase sa nieko\u013eko rod\u00edn ods\u0165ahovalo do Ameriky, s ktor\u00fdch sa niektor\u00e9 vr\u00e1tili, do\u017eili \u017eivot tu v rodnej obci.<\/p>\n<\/div>\n<\/div>\n<\/div>\n<div class=\"mp-row-fluid motopress-row mpce-dsbl-margin-left mpce-dsbl-margin-right\">\n<div class=\"motopress-clmn mp-span12  mpce-dsbl-margin-left mpce-dsbl-margin-right\">\n<div class=\"mp-row-fluid motopress-row mpce-dsbl-margin-left mpce-dsbl-margin-right\">\n<div class=\"motopress-clmn mp-span6 mpce-dsbl-margin-left mpce-dsbl-margin-right\">\n<div class=\"motopress-text-obj\">\n<p>Po vypuknut\u00ed II. Svetovej vojny a v priebehu SNP v roku 1944 zohrala obec ved\u013eaj\u0161iu \u00falohu, nako\u013eko je polo\u017een\u00e1 excentricky vo\u010di hlavn\u00fdm dopravn\u00fdm tras\u00e1m. Mu\u017ei v\u00fddatne pom\u00e1hali pri zabezpe\u010dovac\u00edch pr\u00e1cach. Po vyhl\u00e1sen\u00ed mobiliz\u00e1cie chlapi odi\u0161li do arm\u00e1dy, star\u0161ie ro\u010dn\u00edky aj \u017eeny pom\u00e1hali v z\u00e1zem\u00ed. V r\u00e1mci povol\u00e1vacieho rozkazu mu\u017ei z Hornej Mi\u010dinej so svojimi povozmi vyv\u00e1\u017eali Zo Slovenskej Lup\u010de na Pra\u0161iv\u00fa mun\u00edciu pri\u010dom im pom\u00e1hali aj \u017eeny. V boji pri K\u013ea\u010danoch 12, x, 1944 padol n\u00e1\u0161 ob\u010dan J\u00e1n Martinec, ktor\u00e9ho telo sa pr\u00edbuzn\u00fdm podarilo previes\u0165 do obce, kde je aj pochovan\u00fd. Okrem neho na v\u00fdchodnom fronte padli e\u0161te dvaja obyvatelia Ondrej Maliniak a )Viliam Len\u00e1r. V katastri obce boli \u017eia\u013e aj tri masov\u00e9 hroby, kde bolo zavra\u017eden\u00fdch 82 os\u00f4b obchod pohlav\u00ed. Sotva ut\u00edchli povstaleck\u00e9 boje do okolia obce sa pribl\u00ed\u017eil front. Obec Horn\u00e1 Mi\u010din\u00e1 bola osloboden\u00e1 po t\u00fd\u017edennom boji. 23, marca 1945 o 22,00 hod 51, rumunskej arm\u00e1dy a \u010cA. V bojoch pri Hornej Mi\u010dinej padli 3 Rumuni, 3 Ma\u010fari, 36 Nemcov. Boje si vy\u017eiadali aj obete z radov civiln\u00e9ho obyvate\u013estva. Boli usmrten\u00e9 dve \u017eeny- Eva Martinov\u00e1-Skalnikovie, a M\u00e1ria Lupt\u00e1kov\u00e1 z\u00e1sahom \u010drepiny z gran\u00e1tu. Viacer\u00e9 budovy v obci boli po\u0161koden\u00e9 a zni\u010den\u00e9 boli aj niektor\u00e9 \u00faseky cesty do Banskej Bystrice.<\/p>\n<\/div>\n<\/div>\n<div class=\"motopress-clmn mp-span6 mpce-dsbl-margin-left mpce-dsbl-margin-right\">\n<div class=\"motopress-image-obj motopress-text-align-left\"><img decoding=\"async\" src=\"https:\/\/i0.wp.com\/www.hornamicina.eu\/web\/wp-content\/uploads\/2017\/06\/FullSizeRender-1.jpg?fit=3305%2C2522&ssl=1\" title=\"Rolnicky dom\" alt=\"Ro\u013en\u00edcky dom Horn\u00e1 Mi\u010din\u00e1\" class=\"motopress-image-obj-basic tilt mpce-dsbl-margin-left mpce-dsbl-margin-right mpce-dsbl-margin-top mpce-dsbl-margin-bottom\" \/><\/div>\n<\/div>\n<\/div>\n<div class=\"mp-row-fluid motopress-row mpce-dsbl-margin-left mpce-dsbl-margin-right\">\n<div class=\"motopress-clmn mp-span6 mpce-dsbl-margin-left mpce-dsbl-margin-right\">\n<div class=\"motopress-image-obj motopress-text-align-left\"><img decoding=\"async\" src=\"https:\/\/i0.wp.com\/www.hornamicina.eu\/web\/wp-content\/uploads\/2017\/06\/FullSizeRender.jpg?fit=2382%2C3692&ssl=1\" title=\"Sviatocny odev vydatych zien\" alt=\"sviatocny odev horna micina\" class=\"motopress-image-obj-basic tilt ciernobiely_eff mpce-dsbl-margin-left mpce-dsbl-margin-right mpce-dsbl-margin-top mpce-dsbl-margin-bottom\" \/><\/div>\n<\/div>\n<div class=\"motopress-clmn mp-span6 mpce-dsbl-margin-left mpce-dsbl-margin-right\">\n<div class=\"motopress-text-obj\">\n<p>Obec Horn\u00e1 Mi\u010din\u00e1 sa za\u010dala rozv\u00edja\u0165 do dne\u0161nej podoby po II. Svetovej vojne. Dreven\u00e9 domy vymenili za murovan\u00e9 domy.<br \/>\nV roku 1947 bola zaveden\u00e1 autobusov\u00e1 linka do Banskej Bystrice , na elektrick\u00fa sie\u0165 bola obec zapojen\u00e1 v roku 1949, v 1957sa za\u010dalo s v\u00fdstavbou vodovodu.<br \/>\nJednotn\u00e9 Ro\u013en\u00edcke Dru\u017estvo v obci vzniklo v roku 1952, kde pracovala v\u00e4\u010d\u0161ina obyvate\u013estva a patrilo po\u010das svojho trvania medzi popredn\u00e9 podniky v okrese Bansk\u00e1 Bystrica. \u017dia\u013e v roku 2002 bol vyhl\u00e1sen\u00fd konkurz Ro\u013en\u00edckeho Dru\u017estva a poh\u013ead dnes na rozpad\u00e1vaj\u00face sa stavby je viac ako \u017ealostn\u00fd. A hoci je v obci ve\u013ea stredo\u0161kolsky a vysoko\u0161kolsky vzdelan\u00fdch ob\u010danov vz\u0165ah k rodnej hrude sa postupne vytratil.<\/p>\n<p>V roku 1962 bola zalo\u017een\u00e1 TS Dru\u017estevn\u00edk. Prv\u00fdm tr\u00e9nerom futbalistov bol Evanjelick\u00fd p\u00e1n far\u00e1r Du\u0161an Fabricius. Obec sa m\u00f4\u017ee pop\u00fd\u0161i\u0165 dvomi tr\u00e1vnat\u00fdmi ihriskami ako aj viac\u00fa\u010delov\u00fdm ihriskom, kde \u0161portuj\u00fa obyvatelia obce ako aj obyvatelia zo susedn\u00fdch obc\u00ed, z Banskej Bystrice a \u0161irok\u00e9ho okolia.<\/p>\n<p>Za zmienku stoj\u00ed aj tradi\u010dn\u00fd \u013eudov\u00fd odev ktor\u00fd je detvianskeho typu a dnes sa pou\u017e\u00edva len v\u00fdnimo\u010dne. Tk\u00e1\u010dstvo a vy\u0161\u00edvanie krivou ihlou malo v obci bohat\u00fa trad\u00edciu. \u017deny tkali pl\u00e1tno, pokrovce, \u010dinova\u0165 a \u010dasti \u013eudov\u00e9ho odevu. Dnes je u\u017e v\u0161etko nen\u00e1vratne minulos\u0165ou.<\/p>\n<p>Horn\u00e1 Mi\u010din\u00e1 sa zap\u00edsala do dej\u00edn kult\u00fary ako pracovisko, respekt\u00edve rodisko \u013eud\u00ed, ktor\u00fdch diela sa stali trvalou s\u00fa\u010das\u0165ou na\u0161ej kult\u00fary.<\/p>\n<p>&nbsp;<\/p>\n<p>P\u00f4sobil tu n\u00e1rodn\u00fd budite\u013e a n\u00e1bo\u017eensk\u00fd spisovate\u013e Adam Chalupka. Na hornomi\u010dinskej evanjelickej fare p\u00f4sobil Samuel Ro\u017enay , prekladate\u013e z gr\u00e9ckej ruskej, a po\u013eskej literat\u00fary, Samuel Hoi\u010d autor n\u00e1rodn\u00fdch apol\u00f3gii a osvetov\u00fdch pr\u00e1c.<br \/>\nHorn\u00e1 Mi\u010din\u00e1 je rodiskom J\u00e1na Chalupku (26, x, 1791) syna Adama Chalupku, slovensk\u00fd satirik a dramatik, evanjelick\u00fd k\u0148az. August Horislav K\u010dm\u00e9ry (1. 11. 1822) evanjelick\u00fd k\u0148az, publicista, folkl\u00f3rista, hudobn\u00fd skladate\u013e.<\/p>\n<p>Na evanjelickej fare sa narodil aj jeho brat Eugen Kr\u010dm\u00e9ry (1830) vydavate\u013e Matice slovenskej, ktor\u00fd v Banskej Bystrici zalo\u017eil prv\u00e9 slovensk\u00e9 kn\u00edhkupectvo.<\/p>\n<\/div>\n<\/div>\n<\/div>\n<div class=\"mp-row-fluid motopress-row mpce-dsbl-margin-left mpce-dsbl-margin-right\">\n<div class=\"motopress-clmn mp-span12 mpce-dsbl-margin-left mpce-dsbl-margin-right\">\n<\/div>\n<\/div>\n<\/div>\n<\/div>\n","protected":false},"excerpt":{"rendered":"Obec Horn\u00e1 Mi\u010din\u00e1 le\u017e\u00ed v z\u00e1padnej \u010dasti Slovensk\u00e9ho Rudohoria. M\u00e1 pahorkatinov\u00fd a\u017e vrchovinov\u00fd [&hellip;]","protected":false},"author":1,"featured_media":0,"parent":0,"menu_order":0,"comment_status":"closed","ping_status":"closed","template":"","meta":{"advanced_seo_description":"","jetpack_seo_html_title":"","jetpack_seo_noindex":false,"footnotes":""},"class_list":["post-61","page","type-page","status-publish","hentry"],"jetpack_sharing_enabled":true,"jetpack_shortlink":"https:\/\/wp.me\/P8RsFw-Z","jetpack-related-posts":[{"id":82,"url":"https:\/\/www.hornamicina.eu\/web\/geografia\/","url_meta":{"origin":61,"position":0},"title":"Geografia","author":"admin","date":"21. j\u00fana 2017","format":false,"excerpt":"Horn\u00e1 Mi\u010din\u00e1 Chot\u00e1r obce m\u00e1 rozlohu 1571 ha. Hrani\u010d\u00ed s Banskou Bystricou, M\u00f4l\u010dou, Oravcami, Dolnou Mi\u010dinou a Vlkanovou. Obec Horn\u00e1 Mi\u010din\u00e1 le\u017e\u00ed v z\u00e1padnej \u010dasti Slovensk\u00e9ho Rudohoria \u2013 vo Zvolenskej kotline \u2013 v doline Mi\u010dinsk\u00e9ho potoka, ktor\u00fd je \u013eav\u00fdm pr\u00edtokom rieky Hron. Nadmorsk\u00e1 v\u00fd\u0161ka obce je 432 m. Okolie ktor\u00e9\u2026","rel":"","context":"Podobn\u00fd pr\u00edspevok","block_context":{"text":"Podobn\u00fd pr\u00edspevok","link":""},"img":{"alt_text":"","src":"","width":0,"height":0},"classes":[]},{"id":3847,"url":"https:\/\/www.hornamicina.eu\/web\/730-vyrocie-obce-horna-micina\/","url_meta":{"origin":61,"position":1},"title":"730. v\u00fdro\u010die obce Horn\u00e1 Mi\u010din\u00e1","author":"admin","date":"18. augusta 2023","format":false,"excerpt":"Horn\u00e1 Mi\u010din\u00e1 v minulosti a s\u00fa\u010dasnosti k 730. v\u00fdro\u010diu prvej p\u00edsomnej zmienky N\u00e1zvy:\u00a0Terra Mike, Terra comitis Mike, Lehatha, Mikelyhota, Mikefalva, Micafalw, Miczinaves, Mitchina. \u00a0 Pr\u00edrodn\u00e9 pomery Obec Horn\u00e1 Mi\u010din\u00e1 je situovan\u00e1 6 km na juh od okresn\u00e9ho mesta Bansk\u00e1 Bystrica. Nach\u00e1dza sa v\u00a0z\u00e1padnej \u010dasti Slovensk\u00e9ho Rudohoria vo Zvolenskej kotline, v\u00a0doline\u2026","rel":"","context":"Podobn\u00fd pr\u00edspevok","block_context":{"text":"Podobn\u00fd pr\u00edspevok","link":""},"img":{"alt_text":"","src":"https:\/\/i0.wp.com\/www.hornamicina.eu\/web\/wp-content\/uploads\/2023\/08\/Horna-Micina-pred-sto-rokmi-min-e1692372759477.jpg?fit=791%2C412&ssl=1&resize=350%2C200","width":350,"height":200,"srcset":"https:\/\/i0.wp.com\/www.hornamicina.eu\/web\/wp-content\/uploads\/2023\/08\/Horna-Micina-pred-sto-rokmi-min-e1692372759477.jpg?fit=791%2C412&ssl=1&resize=350%2C200 1x, https:\/\/i0.wp.com\/www.hornamicina.eu\/web\/wp-content\/uploads\/2023\/08\/Horna-Micina-pred-sto-rokmi-min-e1692372759477.jpg?fit=791%2C412&ssl=1&resize=525%2C300 1.5x, https:\/\/i0.wp.com\/www.hornamicina.eu\/web\/wp-content\/uploads\/2023\/08\/Horna-Micina-pred-sto-rokmi-min-e1692372759477.jpg?fit=791%2C412&ssl=1&resize=700%2C400 2x"},"classes":[]},{"id":4929,"url":"https:\/\/www.hornamicina.eu\/web\/zasady-hospodarenia-s-majetkom-obce-horna-micina\/","url_meta":{"origin":61,"position":2},"title":"Z\u00e1sady hospod\u00e1renia s majetkom Obce Horn\u00e1 Mi\u010din\u00e1","author":"admin","date":"25. septembra 2024","format":false,"excerpt":"Z\u00e1sady hospod\u00e1renia s majetkom Obce Horn\u00e1 Mi\u010din\u00e1 \u00a0 Obecn\u00e9 zastupite\u013estvo v\u00a0Hornej Mi\u010dinej na z\u00e1klade ustanovenia\u00a0\u00a7 11 ods. 4 p\u00edsm. a) z\u00e1kona \u010d. 369\/1990 Zb.\u00a0o obecnom zriaden\u00ed a\u00a0\u00a7 9 ods. 1 z\u00e1kona \u010d. 138\/1991 Zb.\u00a0o majetku obc\u00ed ur\u010duje tieto z\u00e1sady hospod\u00e1renia a nakladania s majetkom obce Horn\u00e1 Mi\u010din\u00e1 (v texte \u010falej\u2026","rel":"","context":"Podobn\u00fd pr\u00edspevok","block_context":{"text":"Podobn\u00fd pr\u00edspevok","link":""},"img":{"alt_text":"HornaMicinaLetecky","src":"https:\/\/i0.wp.com\/www.hornamicina.eu\/web\/wp-content\/uploads\/2017\/06\/4501.jpg?fit=1200%2C800&ssl=1&resize=350%2C200","width":350,"height":200,"srcset":"https:\/\/i0.wp.com\/www.hornamicina.eu\/web\/wp-content\/uploads\/2017\/06\/4501.jpg?fit=1200%2C800&ssl=1&resize=350%2C200 1x, https:\/\/i0.wp.com\/www.hornamicina.eu\/web\/wp-content\/uploads\/2017\/06\/4501.jpg?fit=1200%2C800&ssl=1&resize=525%2C300 1.5x, https:\/\/i0.wp.com\/www.hornamicina.eu\/web\/wp-content\/uploads\/2017\/06\/4501.jpg?fit=1200%2C800&ssl=1&resize=700%2C400 2x, https:\/\/i0.wp.com\/www.hornamicina.eu\/web\/wp-content\/uploads\/2017\/06\/4501.jpg?fit=1200%2C800&ssl=1&resize=1050%2C600 3x"},"classes":[]},{"id":497,"url":"https:\/\/www.hornamicina.eu\/web\/denne-centrum\/","url_meta":{"origin":61,"position":3},"title":"Denn\u00e9 centrum obce","author":"admin","date":"18. okt\u00f3bra 2017","format":false,"excerpt":"Denn\u00e9 centrum obce Horn\u00e1 Mi\u010din\u00e1 Horn\u00e1 Mi\u010din\u00e1 79, 97401 \u00a0Horn\u00e1 Mi\u010din\u00e1 \u00a0 Otv\u00e1racie hodinyPondelok14:00 \u2013 20:00Utorok14:00 \u2013 20:00Streda14:00 \u2013 20:00\u0160tvrtok14:00 \u2013 20:00Piatok14:00 \u2013 20:00 \u00a0\u00a0Pozn\u00e1mka: zmena programu vyhraden\u00e1!\u00a0\u00a0Ak nie je ur\u010den\u00e9 inak \u2013 podujatia sa za\u010d\u00ednaj\u00fa o 14. hodine!\u00a0\u00a0O jednotliv\u00fdch podujatiach sa v predstihu dozviete na osobitn\u00fdch pozv\u00e1nkach na obecn\u00fdch\u00a0tabuliach\u2026","rel":"","context":"Podobn\u00fd pr\u00edspevok","block_context":{"text":"Podobn\u00fd pr\u00edspevok","link":""},"img":{"alt_text":"Denne centrum","src":"https:\/\/i0.wp.com\/www.hornamicina.eu\/web\/wp-content\/uploads\/2017\/10\/dennecentrum-1024x768.jpg?resize=350%2C200&ssl=1","width":350,"height":200,"srcset":"https:\/\/i0.wp.com\/www.hornamicina.eu\/web\/wp-content\/uploads\/2017\/10\/dennecentrum-1024x768.jpg?resize=350%2C200&ssl=1 1x, https:\/\/i0.wp.com\/www.hornamicina.eu\/web\/wp-content\/uploads\/2017\/10\/dennecentrum-1024x768.jpg?resize=525%2C300&ssl=1 1.5x, https:\/\/i0.wp.com\/www.hornamicina.eu\/web\/wp-content\/uploads\/2017\/10\/dennecentrum-1024x768.jpg?resize=700%2C400&ssl=1 2x"},"classes":[]},{"id":5061,"url":"https:\/\/www.hornamicina.eu\/web\/cennik-sluzieb\/","url_meta":{"origin":61,"position":4},"title":"Cenn\u00edk slu\u017eieb","author":"admin","date":"15. janu\u00e1ra 2025","format":false,"excerpt":"Cenn\u00edk slu\u017eieb obce Horn\u00e1 Mi\u010din\u00e1 platn\u00fd od 1.janu\u00e1ra 2025 schv\u00e1len\u00fd obecn\u00fdm zastupite\u013estvom obce Horn\u00e1 Mi\u010din\u00e1 uznesen\u00edm \u010d.55\/2024 Kult\u00farna miestnos\u0165( s\u00e1la) bez kuchyne Kary, rodinn\u00e9 oslavy, posedenia, v\u00fdro\u010dia... do 4h 10,00 EUR\/hod Kary, rodinn\u00e9 oslavy, posedenia, v\u00fdro\u010dia... nad 4h 60,00 EUR\/hod Kult\u00farna miestnos\u0165 (s\u00e1la) s\u00a0poskytnut\u00edm kuchyne Na rozlo\u017eenie stravy + 40,00\u2026","rel":"","context":"Podobn\u00fd pr\u00edspevok","block_context":{"text":"Podobn\u00fd pr\u00edspevok","link":""},"img":{"alt_text":"","src":"","width":0,"height":0},"classes":[]},{"id":2596,"url":"https:\/\/www.hornamicina.eu\/web\/relacia-zvony-nad-krajinou\/","url_meta":{"origin":61,"position":5},"title":"Nahr\u00e1vanie rel\u00e1cie &#8222;Zvony nad krajinou&#8220;","author":"admin","date":"29. augusta 2021","format":false,"excerpt":"Nahr\u00e1vka rel\u00e1cie R\u00e1dia REGINA STRED Zvony nad krajinou Za\u010diatkom roka 2021 pri\u0161iel z R\u00e1dia Regina Stred n\u00e1vrh, aby sa o na\u0161ej obci Horn\u00e1 Mi\u010din\u00e1 nahrala cca hodinov\u00e1 rel\u00e1cia v rozhlasovom cykle Zvony nad krajinou. Tento projekt mapuje postupne obce na Slovensku a pod\u00e1va svedectvo o ich hist\u00f3rii, ale aj pr\u00edtomnosti.\u2026","rel":"","context":"Podobn\u00fd pr\u00edspevok","block_context":{"text":"Podobn\u00fd pr\u00edspevok","link":""},"img":{"alt_text":"","src":"","width":0,"height":0},"classes":[]}],"jetpack_likes_enabled":true,"_links":{"self":[{"href":"https:\/\/www.hornamicina.eu\/web\/wp-json\/wp\/v2\/pages\/61","targetHints":{"allow":["GET"]}}],"collection":[{"href":"https:\/\/www.hornamicina.eu\/web\/wp-json\/wp\/v2\/pages"}],"about":[{"href":"https:\/\/www.hornamicina.eu\/web\/wp-json\/wp\/v2\/types\/page"}],"author":[{"embeddable":true,"href":"https:\/\/www.hornamicina.eu\/web\/wp-json\/wp\/v2\/users\/1"}],"replies":[{"embeddable":true,"href":"https:\/\/www.hornamicina.eu\/web\/wp-json\/wp\/v2\/comments?post=61"}],"version-history":[{"count":0,"href":"https:\/\/www.hornamicina.eu\/web\/wp-json\/wp\/v2\/pages\/61\/revisions"}],"wp:attachment":[{"href":"https:\/\/www.hornamicina.eu\/web\/wp-json\/wp\/v2\/media?parent=61"}],"curies":[{"name":"wp","href":"https:\/\/api.w.org\/{rel}","templated":true}]}}