{"id":410,"date":"2017-07-10T13:40:48","date_gmt":"2017-07-10T11:40:48","guid":{"rendered":"http:\/\/www.hornamicina.eu\/web\/?page_id=410"},"modified":"2017-07-10T13:41:26","modified_gmt":"2017-07-10T11:41:26","slug":"elektronicka-uradna-tabula","status":"publish","type":"page","link":"https:\/\/www.hornamicina.eu\/web\/elektronicka-uradna-tabula\/","title":{"rendered":"Elektronick\u00e1 \u00faradn\u00e1 tabu\u013ea"},"content":{"rendered":"<div class=\"mp-row-fluid motopress-row mpce-dsbl-margin-left mpce-dsbl-margin-right\">\n<div class=\"motopress-clmn mp-span12  mpce-dsbl-margin-left mpce-dsbl-margin-right\">\n<div class=\"mp-row-fluid motopress-row mpce-dsbl-margin-left mpce-dsbl-margin-right\">\n<div class=\"motopress-clmn mp-span2 mpce-dsbl-margin-left mpce-dsbl-margin-right\">\n<div class=\"motopress-image-obj motopress-text-align-left\"><img decoding=\"async\" src=\"https:\/\/i0.wp.com\/www.hornamicina.eu\/web\/wp-content\/uploads\/2017\/06\/cropped-logo-1.png?resize=150%2C150&ssl=1\" title=\"Horna Micina Logo\" alt=\"horna micina logo erb\" class=\"motopress-image-obj-basic mpce-dsbl-margin-left mpce-dsbl-margin-right mpce-dsbl-margin-top mpce-dsbl-margin-bottom\" \/><\/div>\n<\/div>\n<div class=\"motopress-clmn mp-span10 mpce-dsbl-margin-left mpce-dsbl-margin-right\">\n<div class=\"motopress-text-obj motopress-margin-top-25 motopress-margin-bottom-0 motopress-margin-left-10 motopress-margin-right-10\">\n<h2>Elektronick\u00e1 \u00faradn\u00e1 tabu\u013ea<\/h2>\n<p>Obec Horn\u00e1 Mi\u010din\u00e1<\/p>\n<\/div>\n<\/div>\n<\/div>\n<\/div>\n<\/div>\n<div class=\"pt-cv-wrapper\"><div class=\"pt-cv-view pt-cv-grid pt-cv-colsys\" id=\"pt-cv-view-0071329gvc\"><div data-id=\"pt-cv-page-1\" class=\"pt-cv-page\" data-cvc=\"3\"><div class=\"col-md-4 col-sm-6 col-xs-12 pt-cv-content-item pt-cv-1-col\"  data-pid=\"5582\"><div class='pt-cv-ifield'><h4 class=\"pt-cv-title\"><a href=\"https:\/\/www.hornamicina.eu\/web\/verejna-vyhlaska-rozhodnutie-so-mostik-cez-vodny-tok\/\" class=\"_self cvplbd\" target=\"_self\" >Verejn\u00e1 vyhl\u00e1\u0161ka &#8211; rozhodnutie &#8211; SO &#8211; Most\u00edk cez vodn\u00fd tok<\/a><\/h4>\n<div class=\"pt-cv-content\">VEREJN\u00c1 VYHL\u00c1\u0160KA ROZHODNUTIE Stavebn\u00edci, Ivan Pr\u0161anec, Dru\u017estevn\u00e1 57, 976 32 Bad\u00edn a\u00a0Jana Pr\u0161ancov\u00e1, Do tr\u00e1vnika 6, 976 37 Hrocho\u0165, podali ...<br \/><div class=\"pt-cv-rmwrap\"><a href=\"https:\/\/www.hornamicina.eu\/web\/verejna-vyhlaska-rozhodnutie-so-mostik-cez-vodny-tok\/\" class=\"_self pt-cv-readmore btn btn-success cvplbd\" target=\"_self\">Detaily zverejnenia<\/a><\/div><\/div>\n<div class=\"pt-cv-meta-fields\"><span class=\"entry-date\"> <time datetime=\"2025-11-26T21:12:15+01:00\">26. novembra 2025<\/time><\/span><\/div><\/div><\/div>\n<div class=\"col-md-4 col-sm-6 col-xs-12 pt-cv-content-item pt-cv-1-col\"  data-pid=\"5547\"><div class='pt-cv-ifield'><h4 class=\"pt-cv-title\"><a href=\"https:\/\/www.hornamicina.eu\/web\/navrh-planu-kontrolnej-cinnosti-obce-horna-micina-na-1-polrok-2026\/\" class=\"_self cvplbd\" target=\"_self\" >N\u00e1vrh pl\u00e1nu kontrolnej \u010dinnosti hlavn\u00e9ho kontrol\u00f3ra obce na prv\u00fd polrok 2026<\/a><\/h4>\n<div class=\"pt-cv-content\">Kontroln\u00fd proces je neoddelite\u013enou s\u00fa\u010das\u0165ou \u0161trukt\u00fary riadenia samospr\u00e1vy Obce Horn\u00e1 Mi\u010din\u00e1 a jej hospod\u00e1renia s verejn\u00fdmi prostriedkami, kde pln\u00ed funkcie ...<br \/><div class=\"pt-cv-rmwrap\"><a href=\"https:\/\/www.hornamicina.eu\/web\/navrh-planu-kontrolnej-cinnosti-obce-horna-micina-na-1-polrok-2026\/\" class=\"_self pt-cv-readmore btn btn-success cvplbd\" target=\"_self\">Detaily zverejnenia<\/a><\/div><\/div>\n<div class=\"pt-cv-meta-fields\"><span class=\"entry-date\"> <time datetime=\"2025-10-29T18:04:38+01:00\">29. okt\u00f3bra 2025<\/time><\/span><\/div><\/div><\/div>\n<div class=\"col-md-4 col-sm-6 col-xs-12 pt-cv-content-item pt-cv-1-col\"  data-pid=\"5519\"><div class='pt-cv-ifield'><h4 class=\"pt-cv-title\"><a href=\"https:\/\/www.hornamicina.eu\/web\/rozpocet-pre-rok-2026\/\" class=\"_self cvplbd\" target=\"_self\" >Rozpo\u010det pre rok 2026<\/a><\/h4>\n<div class=\"pt-cv-content\">N\u00e1vrh rozpo\u010dtu obce Horn\u00e1 Mi\u010din\u00e1 na roky 2026-2028 Rekapitul\u00e1cia rozpo\u010dtu Plnenie Plnenie Rozpo\u010det Predpoklad N\u00e1vrh N\u00e1vrh N\u00e1vrh N\u00e1zov polo\u017eky 2023 ...<br \/><div class=\"pt-cv-rmwrap\"><a href=\"https:\/\/www.hornamicina.eu\/web\/rozpocet-pre-rok-2026\/\" class=\"_self pt-cv-readmore btn btn-success cvplbd\" target=\"_self\">Detaily zverejnenia<\/a><\/div><\/div>\n<div class=\"pt-cv-meta-fields\"><span class=\"entry-date\"> <time datetime=\"2025-10-27T12:57:09+01:00\">27. okt\u00f3bra 2025<\/time><\/span><\/div><\/div><\/div>\n<div class=\"col-md-4 col-sm-6 col-xs-12 pt-cv-content-item pt-cv-1-col\"  data-pid=\"5482\"><div class='pt-cv-ifield'><h4 class=\"pt-cv-title\"><a href=\"https:\/\/www.hornamicina.eu\/web\/verejna-vyhlaska-rozhodnutie-p-saktorova\/\" class=\"_self cvplbd\" target=\"_self\" >VEREJN\u00c1 VYHL\u00c1\u0160KA &#8211; Rozhodnutie &#8211; p. Saktorov\u00e1<\/a><\/h4>\n<div class=\"pt-cv-content\">VEREJN\u00c1 VYHL\u00c1\u0160KA ROZHODNUTIE Obec Horn\u00e1 Mi\u010din\u00e1, zast\u00fapen\u00e1 starostom obce Ivanom Len\u00e1rom, ako vecne a\u00a0miestne pr\u00edslu\u0161n\u00fd stavebn\u00fd \u00farad pod\u013ea \u00a7 117 ...<br \/><div class=\"pt-cv-rmwrap\"><a href=\"https:\/\/www.hornamicina.eu\/web\/verejna-vyhlaska-rozhodnutie-p-saktorova\/\" class=\"_self pt-cv-readmore btn btn-success cvplbd\" target=\"_self\">Detaily zverejnenia<\/a><\/div><\/div>\n<div class=\"pt-cv-meta-fields\"><span class=\"entry-date\"> <time datetime=\"2025-09-24T17:19:25+02:00\">24. septembra 2025<\/time><\/span><\/div><\/div><\/div>\n<div class=\"col-md-4 col-sm-6 col-xs-12 pt-cv-content-item pt-cv-1-col\"  data-pid=\"5481\"><div class='pt-cv-ifield'><h4 class=\"pt-cv-title\"><a href=\"https:\/\/www.hornamicina.eu\/web\/verejna-vyhlaska-oznamenie-o-zacati-stavebneho-povolenia-p-prsanec\/\" class=\"_self cvplbd\" target=\"_self\" >VEREJN\u00c1 VYHL\u00c1\u0160KA &#8211; Ozn\u00e1menie o za\u010dat\u00ed stavebn\u00e9ho povolenia &#8211; p. Pr\u0161anec<\/a><\/h4>\n<div class=\"pt-cv-content\">VEREJN\u00c1 VYHL\u00c1\u0160KA OZN\u00c1MENIE \u00a0o za\u010dat\u00ed stavebn\u00e9ho povolenia v spojenom \u00fazemnom a stavebnom konan\u00ed a o upusten\u00ed od \u00fastneho pojedn\u00e1vania a ...<br \/><div class=\"pt-cv-rmwrap\"><a href=\"https:\/\/www.hornamicina.eu\/web\/verejna-vyhlaska-oznamenie-o-zacati-stavebneho-povolenia-p-prsanec\/\" class=\"_self pt-cv-readmore btn btn-success cvplbd\" target=\"_self\">Detaily zverejnenia<\/a><\/div><\/div>\n<div class=\"pt-cv-meta-fields\"><span class=\"entry-date\"> <time datetime=\"2025-09-24T17:16:47+02:00\">24. septembra 2025<\/time><\/span><\/div><\/div><\/div>\n<div class=\"col-md-4 col-sm-6 col-xs-12 pt-cv-content-item pt-cv-1-col\"  data-pid=\"5460\"><div class='pt-cv-ifield'><h4 class=\"pt-cv-title\"><a href=\"https:\/\/www.hornamicina.eu\/web\/schvalenie-dokumentacie-ochrany-prirody-a-krajiny-okres-banska-bystrica\/\" class=\"_self cvplbd\" target=\"_self\" >Schv\u00e1lenie dokument\u00e1cie ochrany pr\u00edrody a krajiny \u2013 okres Bansk\u00e1 Bystrica<\/a><\/h4>\n<div class=\"pt-cv-content\">Okresn\u00fd \u00farad Bansk\u00e1 Bystrica, odbor starostlivosti o \u017eivotn\u00e9 prostredie, vydal rozhodnutie o schv\u00e1len\u00ed dokument\u00e1cie ochrany pr\u00edrody a krajiny \u2013 Region\u00e1lny ...<br \/><div class=\"pt-cv-rmwrap\"><a href=\"https:\/\/www.hornamicina.eu\/web\/schvalenie-dokumentacie-ochrany-prirody-a-krajiny-okres-banska-bystrica\/\" class=\"_self pt-cv-readmore btn btn-success cvplbd\" target=\"_self\">Detaily zverejnenia<\/a><\/div><\/div>\n<div class=\"pt-cv-meta-fields\"><span class=\"entry-date\"> <time datetime=\"2025-09-10T18:24:44+02:00\">10. septembra 2025<\/time><\/span><\/div><\/div><\/div>\n<div class=\"col-md-4 col-sm-6 col-xs-12 pt-cv-content-item pt-cv-1-col\"  data-pid=\"5432\"><div class='pt-cv-ifield'><h4 class=\"pt-cv-title\"><a href=\"https:\/\/www.hornamicina.eu\/web\/zamer-prenajom-os-zretel-p-kokova\/\" class=\"_self cvplbd\" target=\"_self\" >Zverejnenie z\u00e1meru prenaja\u0165 majetok obce HM z d\u00f4vodu hodn\u00e9ho os. zrete\u013ea &#8211; p. L\u00edvia Kokov\u00e1<\/a><\/h4>\n<div class=\"pt-cv-content\">Zverejnenie z\u00e1meru prenaja\u0165 ni\u017e\u0161ie identifikovan\u00fd majetok obce Horn\u00e1 Mi\u010din\u00e1 z d\u00f4vodu hodn\u00e9ho osobitn\u00e9ho zrete\u013ea Obec Horn\u00e1 Mi\u010din\u00e1 v s\u00falade s ...<br \/><div class=\"pt-cv-rmwrap\"><a href=\"https:\/\/www.hornamicina.eu\/web\/zamer-prenajom-os-zretel-p-kokova\/\" class=\"_self pt-cv-readmore btn btn-success cvplbd\" target=\"_self\">Detaily zverejnenia<\/a><\/div><\/div>\n<div class=\"pt-cv-meta-fields\"><span class=\"entry-date\"> <time datetime=\"2025-09-01T16:46:12+02:00\">1. septembra 2025<\/time><\/span><\/div><\/div><\/div>\n<div class=\"col-md-4 col-sm-6 col-xs-12 pt-cv-content-item pt-cv-1-col\"  data-pid=\"5430\"><div class='pt-cv-ifield'><h4 class=\"pt-cv-title\"><a href=\"https:\/\/www.hornamicina.eu\/web\/zverejnenie-zameru-prenajat-p-danko\/\" class=\"_self cvplbd\" target=\"_self\" >Zverejnenie z\u00e1meru prenaja\u0165 majetok obce HM z d\u00f4vodu hodn\u00e9ho os. zrete\u013ea &#8211; p. Milan Danko<\/a><\/h4>\n<div class=\"pt-cv-content\">Zverejnenie z\u00e1meru prenaja\u0165 ni\u017e\u0161ie identifikovan\u00fd majetok obce Horn\u00e1 Mi\u010din\u00e1 z d\u00f4vodu hodn\u00e9ho osobitn\u00e9ho zrete\u013ea Obec Horn\u00e1 Mi\u010din\u00e1 v s\u00falade s ...<br \/><div class=\"pt-cv-rmwrap\"><a href=\"https:\/\/www.hornamicina.eu\/web\/zverejnenie-zameru-prenajat-p-danko\/\" class=\"_self pt-cv-readmore btn btn-success cvplbd\" target=\"_self\">Detaily zverejnenia<\/a><\/div><\/div>\n<div class=\"pt-cv-meta-fields\"><span class=\"entry-date\"> <time datetime=\"2025-09-01T16:44:26+02:00\">1. septembra 2025<\/time><\/span><\/div><\/div><\/div>\n<div class=\"col-md-4 col-sm-6 col-xs-12 pt-cv-content-item pt-cv-1-col\"  data-pid=\"5512\"><div class='pt-cv-ifield'><h4 class=\"pt-cv-title\"><a href=\"https:\/\/www.hornamicina.eu\/web\/zverejnenie-zameru-prenajat-majetok-obce-h-micina-z-dovodu-hodneho-os-zretela-sps\/\" class=\"_self cvplbd\" target=\"_self\" >Zverejnenie z\u00e1meru prenaja\u0165 majetok obce H. Mi\u010din\u00e1 z d\u00f4vodu hodn\u00e9ho os. zrete\u013ea &#8211; SPS<\/a><\/h4>\n<div class=\"pt-cv-content\">Zverejnenie z\u00e1meru prenaja\u0165 ni\u017e\u0161ie identifikovan\u00fd majetok obce Horn\u00e1 Mi\u010din\u00e1 z d\u00f4vodu hodn\u00e9ho osobitn\u00e9ho zrete\u013ea Obec Horn\u00e1 Mi\u010din\u00e1 v s\u00falade s ...<br \/><div class=\"pt-cv-rmwrap\"><a href=\"https:\/\/www.hornamicina.eu\/web\/zverejnenie-zameru-prenajat-majetok-obce-h-micina-z-dovodu-hodneho-os-zretela-sps\/\" class=\"_self pt-cv-readmore btn btn-success cvplbd\" target=\"_self\">Detaily zverejnenia<\/a><\/div><\/div>\n<div class=\"pt-cv-meta-fields\"><span class=\"entry-date\"> <time datetime=\"2025-09-01T15:46:33+02:00\">1. septembra 2025<\/time><\/span><\/div><\/div><\/div>\n<div class=\"col-md-4 col-sm-6 col-xs-12 pt-cv-content-item pt-cv-1-col\"  data-pid=\"5392\"><div class='pt-cv-ifield'><h4 class=\"pt-cv-title\"><a href=\"https:\/\/www.hornamicina.eu\/web\/verejna-vyhlaska-oznamenie-zacatie-konania-o-dodatocnom-povoleni-stavby-p-saktorova\/\" class=\"_self cvplbd\" target=\"_self\" >Verejn\u00e1 vyhl\u00e1\u0161ka &#8211; ozn\u00e1menie &#8211; za\u010datie konania o dodato\u010dnom povolen\u00ed stavby, p. Saktorov\u00e1<\/a><\/h4>\n<div class=\"pt-cv-content\">\u010c\u00edslo: OC\u00daHM-S2025\/00076\/ozn. Horn\u00e1 Mi\u010din\u00e1 07.08.2025 Vybavuje: Ing. Vl\u010dek \/ 0902 419\u00a0419 VEREJN\u00c1 VYHL\u00c1\u0160KA \u00a0 OZN\u00c1MENIE \u00a0 o\u00a0za\u010dat\u00ed konania o\u00a0dodato\u010dnom povolen\u00ed ...<br \/><div class=\"pt-cv-rmwrap\"><a href=\"https:\/\/www.hornamicina.eu\/web\/verejna-vyhlaska-oznamenie-zacatie-konania-o-dodatocnom-povoleni-stavby-p-saktorova\/\" class=\"_self pt-cv-readmore btn btn-success cvplbd\" target=\"_self\">Detaily zverejnenia<\/a><\/div><\/div>\n<div class=\"pt-cv-meta-fields\"><span class=\"entry-date\"> <time datetime=\"2025-08-08T17:25:06+02:00\">8. augusta 2025<\/time><\/span><\/div><\/div><\/div><\/div><\/div><\/div>\t\t\t<style type=\"text\/css\" id=\"pt-cv-inline-style-c91c5fbpyx\">#pt-cv-view-0071329gvc .pt-cv-title a, #pt-cv-view-0071329gvc  .panel-title { font-weight: 600 !important; }\n#pt-cv-view-0071329gvc .pt-cv-readmore  { color: #ffffff !important; background-color: #00aeef !important; }\n#pt-cv-view-0071329gvc .pt-cv-readmore:hover  { color: #ffffff !important; background-color: #00aeef !important; }\n#pt-cv-view-0071329gvc  + .pt-cv-pagination-wrapper .pt-cv-more , #pt-cv-view-0071329gvc  + .pt-cv-pagination-wrapper .pagination .active a { color: #ffffff !important; background-color: #00aeef !important; }<\/style>\r\n\t\t\t\n","protected":false},"excerpt":{"rendered":"Elektronick\u00e1 \u00faradn\u00e1 tabu\u013ea Obec Horn\u00e1 Mi\u010din\u00e1 Verejn\u00e1 vyhl\u00e1\u0161ka &#8211; rozhodnutie &#8211; SO &#8211; [&hellip;]","protected":false},"author":1,"featured_media":0,"parent":0,"menu_order":0,"comment_status":"closed","ping_status":"closed","template":"","meta":{"advanced_seo_description":"","jetpack_seo_html_title":"","jetpack_seo_noindex":false,"footnotes":""},"class_list":["post-410","page","type-page","status-publish","hentry"],"jetpack_sharing_enabled":true,"jetpack_shortlink":"https:\/\/wp.me\/P8RsFw-6C","jetpack-related-posts":[{"id":243,"url":"https:\/\/www.hornamicina.eu\/web\/urbar\/","url_meta":{"origin":410,"position":0},"title":"Pozemkov\u00e9 spolo\u010denstvo Urb\u00e1r","author":"admin","date":"28. j\u00fana 2017","format":false,"excerpt":"Pozemkov\u00e9 spolo\u010denstvo Urb\u00e1r Horn\u00e1 Mi\u010din\u00e1 Predseda: \u00a0Ing. Pavel Baran Adresa: Horn\u00e1 Mi\u010din\u00e1 114, 97401 Horn\u00e1 Mi\u010din\u00e1 I\u010cO: 17061423 Telef\u00f3n: 048 \/ 4180 914 \u00a0","rel":"","context":"Podobn\u00fd pr\u00edspevok","block_context":{"text":"Podobn\u00fd pr\u00edspevok","link":""},"img":{"alt_text":"","src":"","width":0,"height":0},"classes":[]},{"id":347,"url":"https:\/\/www.hornamicina.eu\/web\/vzn\/","url_meta":{"origin":410,"position":1},"title":"V\u0161eobecne z\u00e1v\u00e4zn\u00e9 nariadenia","author":"admin","date":"3. j\u00fala 2017","format":false,"excerpt":"V\u0161eobecne z\u00e1v\u00e4zn\u00e9 nariadenia obce Horn\u00e1 Mi\u010din\u00e1","rel":"","context":"Podobn\u00fd pr\u00edspevok","block_context":{"text":"Podobn\u00fd pr\u00edspevok","link":""},"img":{"alt_text":"horna micina logo erb","src":"https:\/\/i0.wp.com\/www.hornamicina.eu\/web\/wp-content\/uploads\/2017\/06\/cropped-logo-1.png?resize=350%2C200","width":350,"height":200},"classes":[]},{"id":3847,"url":"https:\/\/www.hornamicina.eu\/web\/730-vyrocie-obce-horna-micina\/","url_meta":{"origin":410,"position":2},"title":"730. v\u00fdro\u010die obce Horn\u00e1 Mi\u010din\u00e1","author":"admin","date":"18. augusta 2023","format":false,"excerpt":"Horn\u00e1 Mi\u010din\u00e1 v minulosti a s\u00fa\u010dasnosti k 730. v\u00fdro\u010diu prvej p\u00edsomnej zmienky N\u00e1zvy:\u00a0Terra Mike, Terra comitis Mike, Lehatha, Mikelyhota, Mikefalva, Micafalw, Miczinaves, Mitchina. \u00a0 Pr\u00edrodn\u00e9 pomery Obec Horn\u00e1 Mi\u010din\u00e1 je situovan\u00e1 6 km na juh od okresn\u00e9ho mesta Bansk\u00e1 Bystrica. Nach\u00e1dza sa v\u00a0z\u00e1padnej \u010dasti Slovensk\u00e9ho Rudohoria vo Zvolenskej kotline, v\u00a0doline\u2026","rel":"","context":"Podobn\u00fd pr\u00edspevok","block_context":{"text":"Podobn\u00fd pr\u00edspevok","link":""},"img":{"alt_text":"","src":"https:\/\/i0.wp.com\/www.hornamicina.eu\/web\/wp-content\/uploads\/2023\/08\/Horna-Micina-pred-sto-rokmi-min-e1692372759477.jpg?fit=791%2C412&ssl=1&resize=350%2C200","width":350,"height":200,"srcset":"https:\/\/i0.wp.com\/www.hornamicina.eu\/web\/wp-content\/uploads\/2023\/08\/Horna-Micina-pred-sto-rokmi-min-e1692372759477.jpg?fit=791%2C412&ssl=1&resize=350%2C200 1x, https:\/\/i0.wp.com\/www.hornamicina.eu\/web\/wp-content\/uploads\/2023\/08\/Horna-Micina-pred-sto-rokmi-min-e1692372759477.jpg?fit=791%2C412&ssl=1&resize=525%2C300 1.5x, https:\/\/i0.wp.com\/www.hornamicina.eu\/web\/wp-content\/uploads\/2023\/08\/Horna-Micina-pred-sto-rokmi-min-e1692372759477.jpg?fit=791%2C412&ssl=1&resize=700%2C400 2x"},"classes":[]},{"id":497,"url":"https:\/\/www.hornamicina.eu\/web\/denne-centrum\/","url_meta":{"origin":410,"position":3},"title":"Denn\u00e9 centrum obce","author":"admin","date":"18. okt\u00f3bra 2017","format":false,"excerpt":"Denn\u00e9 centrum obce Horn\u00e1 Mi\u010din\u00e1 Horn\u00e1 Mi\u010din\u00e1 79, 97401 \u00a0Horn\u00e1 Mi\u010din\u00e1 \u00a0 Otv\u00e1racie hodinyPondelok14:00 \u2013 20:00Utorok14:00 \u2013 20:00Streda14:00 \u2013 20:00\u0160tvrtok14:00 \u2013 20:00Piatok14:00 \u2013 20:00 \u00a0\u00a0Pozn\u00e1mka: zmena programu vyhraden\u00e1!\u00a0\u00a0Ak nie je ur\u010den\u00e9 inak \u2013 podujatia sa za\u010d\u00ednaj\u00fa o 14. hodine!\u00a0\u00a0O jednotliv\u00fdch podujatiach sa v predstihu dozviete na osobitn\u00fdch pozv\u00e1nkach na obecn\u00fdch\u00a0tabuliach\u2026","rel":"","context":"Podobn\u00fd pr\u00edspevok","block_context":{"text":"Podobn\u00fd pr\u00edspevok","link":""},"img":{"alt_text":"Denne centrum","src":"https:\/\/i0.wp.com\/www.hornamicina.eu\/web\/wp-content\/uploads\/2017\/10\/dennecentrum-1024x768.jpg?resize=350%2C200&ssl=1","width":350,"height":200,"srcset":"https:\/\/i0.wp.com\/www.hornamicina.eu\/web\/wp-content\/uploads\/2017\/10\/dennecentrum-1024x768.jpg?resize=350%2C200&ssl=1 1x, https:\/\/i0.wp.com\/www.hornamicina.eu\/web\/wp-content\/uploads\/2017\/10\/dennecentrum-1024x768.jpg?resize=525%2C300&ssl=1 1.5x, https:\/\/i0.wp.com\/www.hornamicina.eu\/web\/wp-content\/uploads\/2017\/10\/dennecentrum-1024x768.jpg?resize=700%2C400&ssl=1 2x"},"classes":[]},{"id":355,"url":"https:\/\/www.hornamicina.eu\/web\/uznesenia\/","url_meta":{"origin":410,"position":4},"title":"Uznesenia zastupite\u013estva","author":"admin","date":"3. j\u00fala 2017","format":false,"excerpt":"Uznesenia zastupite\u013estva obce","rel":"","context":"Podobn\u00fd pr\u00edspevok","block_context":{"text":"Podobn\u00fd pr\u00edspevok","link":""},"img":{"alt_text":"horna micina logo erb","src":"https:\/\/i0.wp.com\/www.hornamicina.eu\/web\/wp-content\/uploads\/2017\/06\/cropped-logo-1.png?resize=350%2C200","width":350,"height":200},"classes":[]},{"id":285,"url":"https:\/\/www.hornamicina.eu\/web\/zmluvy\/","url_meta":{"origin":410,"position":5},"title":"Zoznam uzatvoren\u00fdch zml\u00fav","author":"admin","date":"28. j\u00fana 2017","format":false,"excerpt":"Zoznam uzatvoren\u00fdch zml\u00fav n\u00e1jdete od 30.3.2022 na str\u00e1nke Centr\u00e1lneho registra zml\u00fav SR. Objedn\u00e1vate\u013esk\u00e9 zmluvy Dod\u00e1vate\u013esk\u00e9 zmluvy","rel":"","context":"Podobn\u00fd pr\u00edspevok","block_context":{"text":"Podobn\u00fd pr\u00edspevok","link":""},"img":{"alt_text":"","src":"https:\/\/i0.wp.com\/www.hornamicina.eu\/web\/wp-content\/uploads\/2022\/04\/logo_crz.gif?resize=350%2C200&ssl=1","width":350,"height":200},"classes":[]}],"jetpack_likes_enabled":true,"_links":{"self":[{"href":"https:\/\/www.hornamicina.eu\/web\/wp-json\/wp\/v2\/pages\/410","targetHints":{"allow":["GET"]}}],"collection":[{"href":"https:\/\/www.hornamicina.eu\/web\/wp-json\/wp\/v2\/pages"}],"about":[{"href":"https:\/\/www.hornamicina.eu\/web\/wp-json\/wp\/v2\/types\/page"}],"author":[{"embeddable":true,"href":"https:\/\/www.hornamicina.eu\/web\/wp-json\/wp\/v2\/users\/1"}],"replies":[{"embeddable":true,"href":"https:\/\/www.hornamicina.eu\/web\/wp-json\/wp\/v2\/comments?post=410"}],"version-history":[{"count":0,"href":"https:\/\/www.hornamicina.eu\/web\/wp-json\/wp\/v2\/pages\/410\/revisions"}],"wp:attachment":[{"href":"https:\/\/www.hornamicina.eu\/web\/wp-json\/wp\/v2\/media?parent=410"}],"curies":[{"name":"wp","href":"https:\/\/api.w.org\/{rel}","templated":true}]}}