{"id":355,"date":"2017-07-03T09:39:51","date_gmt":"2017-07-03T07:39:51","guid":{"rendered":"http:\/\/www.hornamicina.eu\/web\/?page_id=355"},"modified":"2017-07-03T09:40:19","modified_gmt":"2017-07-03T07:40:19","slug":"uznesenia","status":"publish","type":"page","link":"https:\/\/www.hornamicina.eu\/web\/uznesenia\/","title":{"rendered":"Uznesenia zastupite\u013estva"},"content":{"rendered":"<p><a href=\"https:\/\/i0.wp.com\/www.hornamicina.eu\/web\/wp-content\/uploads\/2017\/06\/cropped-logo-1.png\"><img data-recalc-dims=\"1\" loading=\"lazy\" decoding=\"async\" data-attachment-id=\"8\" data-permalink=\"https:\/\/www.hornamicina.eu\/web\/vzn\/cropped-logo-1-png\/\" data-orig-file=\"https:\/\/i0.wp.com\/www.hornamicina.eu\/web\/wp-content\/uploads\/2017\/06\/cropped-logo-1.png?fit=250%2C250&amp;ssl=1\" data-orig-size=\"250,250\" data-comments-opened=\"1\" data-image-meta=\"{&quot;aperture&quot;:&quot;0&quot;,&quot;credit&quot;:&quot;&quot;,&quot;camera&quot;:&quot;&quot;,&quot;caption&quot;:&quot;&quot;,&quot;created_timestamp&quot;:&quot;0&quot;,&quot;copyright&quot;:&quot;&quot;,&quot;focal_length&quot;:&quot;0&quot;,&quot;iso&quot;:&quot;0&quot;,&quot;shutter_speed&quot;:&quot;0&quot;,&quot;title&quot;:&quot;&quot;,&quot;orientation&quot;:&quot;0&quot;}\" data-image-title=\"Horna Micina Logo\" data-image-description=\"&lt;p&gt;Horn\u00e1 Mi\u010din\u00e1 erb Logo&lt;\/p&gt;\n\" data-image-caption=\"&lt;p&gt;Horn\u00e1 Mi\u010din\u00e1 Logo Erb&lt;\/p&gt;\n\" data-large-file=\"https:\/\/i0.wp.com\/www.hornamicina.eu\/web\/wp-content\/uploads\/2017\/06\/cropped-logo-1.png?fit=250%2C250&amp;ssl=1\" class=\"size-full wp-image-8 aligncenter\" src=\"https:\/\/i0.wp.com\/www.hornamicina.eu\/web\/wp-content\/uploads\/2017\/06\/cropped-logo-1.png?resize=250%2C250\" alt=\"horna micina logo erb\" width=\"250\" height=\"250\" srcset=\"https:\/\/i0.wp.com\/www.hornamicina.eu\/web\/wp-content\/uploads\/2017\/06\/cropped-logo-1.png?w=250&amp;ssl=1 250w, https:\/\/i0.wp.com\/www.hornamicina.eu\/web\/wp-content\/uploads\/2017\/06\/cropped-logo-1.png?resize=150%2C150&amp;ssl=1 150w, https:\/\/i0.wp.com\/www.hornamicina.eu\/web\/wp-content\/uploads\/2017\/06\/cropped-logo-1.png?resize=100%2C100&amp;ssl=1 100w\" sizes=\"auto, (max-width: 250px) 100vw, 250px\" \/><\/a><\/p>\n<h1 style=\"text-align: center;\">Uznesenia zastupite\u013estva obce<\/h1>\n<div class=\"pt-cv-wrapper\"><div class=\"pt-cv-view pt-cv-timeline\" id=\"pt-cv-view-35116674mo\"><div class=\"tl-spine\"><a href=\"#\"><\/a><\/div>\n<div class=\"tl-items\">\n<div class=\"tl-item pt-left\"><div class=\"tl-item-content\"><i class=\"tl-pointer\"><\/i><div class=\" pt-cv-content-item pt-cv-1-col\"  data-pid=\"5688\"><h4 class=\"pt-cv-title\"><a href=\"https:\/\/www.hornamicina.eu\/web\/uznesenia-zo-zasadnutia-oz-obce-horna-micina-10-3-2026\/\" class=\"_self cvplbd\" target=\"_self\" >Uznesenia zo zasadnutia OZ obce Horn\u00e1 Mi\u010din\u00e1 &#8211; 10.3.2026<\/a><\/h4>\n<div class=\"pt-cv-content\">UZNESENIA Zo zasadnutia obecn\u00e9ho zastupite\u013estva (\u010falej len OZ) obce Horn\u00e1 Mi\u010din\u00e1 konan\u00e9ho d\u0148a 10.3.2026 v budove obecn\u00e9ho \u00faradu Horn\u00e1 Mi\u010din\u00e1 ...<br \/><div class=\"pt-cv-rmwrap\"><a href=\"https:\/\/www.hornamicina.eu\/web\/uznesenia-zo-zasadnutia-oz-obce-horna-micina-10-3-2026\/\" class=\"_self pt-cv-readmore btn btn-success cvplbd\" target=\"_self\">\u010c\u00edta\u0165 Viac<\/a><\/div><\/div><\/div><\/div><\/div>\n<div class=\"tl-item pt-right\"><div class=\"tl-item-content\"><i class=\"tl-pointer\"><\/i><div class=\" pt-cv-content-item pt-cv-1-col\"  data-pid=\"5639\"><h4 class=\"pt-cv-title\"><a href=\"https:\/\/www.hornamicina.eu\/web\/uznesenia-z-mimoriadneho-zasadnutia-oz-obce-horna-micina-17-1-2026\/\" class=\"_self cvplbd\" target=\"_self\" >Uznesenia z mimoriadneho zasadnutia OZ obce Horna Micina &#8211; 17.1.2026<\/a><\/h4>\n<div class=\"pt-cv-content\">UZNESENIA Z mimoriadneho zasadnutia obecn\u00e9ho zastupite\u013estva (\u010falej len OZ) obce Horn\u00e1 Mi\u010din\u00e1 konan\u00e9ho d\u0148a 17.1.2026 v\u00a0budove obecn\u00e9ho \u00faradu Horn\u00e1 Mi\u010din\u00e1 ...<br \/><div class=\"pt-cv-rmwrap\"><a href=\"https:\/\/www.hornamicina.eu\/web\/uznesenia-z-mimoriadneho-zasadnutia-oz-obce-horna-micina-17-1-2026\/\" class=\"_self pt-cv-readmore btn btn-success cvplbd\" target=\"_self\">\u010c\u00edta\u0165 Viac<\/a><\/div><\/div><\/div><\/div><\/div>\n<div class=\"tl-item pt-left\"><div class=\"tl-item-content\"><i class=\"tl-pointer\"><\/i><div class=\" pt-cv-content-item pt-cv-1-col\"  data-pid=\"5605\"><h4 class=\"pt-cv-title\"><a href=\"https:\/\/www.hornamicina.eu\/web\/uznesenia-zo-dna-19-11-2025\/\" class=\"_self cvplbd\" target=\"_self\" >Uznesenia zo d\u0148a 19.11.2025<\/a><\/h4>\n<div class=\"pt-cv-content\">UZNESENIA zo zasadnutia obecn\u00e9ho zastupite\u013estva (\u010falej len OZ) obce Horn\u00e1 Mi\u010din\u00e1 konan\u00e9ho d\u0148a 19.11.2025 v\u00a0budove obecn\u00e9ho \u00faradu Horn\u00e1 Mi\u010din\u00e1 o\u00a016 ...<br \/><div class=\"pt-cv-rmwrap\"><a href=\"https:\/\/www.hornamicina.eu\/web\/uznesenia-zo-dna-19-11-2025\/\" class=\"_self pt-cv-readmore btn btn-success cvplbd\" target=\"_self\">\u010c\u00edta\u0165 Viac<\/a><\/div><\/div><\/div><\/div><\/div>\n<div class=\"tl-item pt-right\"><div class=\"tl-item-content\"><i class=\"tl-pointer\"><\/i><div class=\" pt-cv-content-item pt-cv-1-col\"  data-pid=\"5609\"><h4 class=\"pt-cv-title\"><a href=\"https:\/\/www.hornamicina.eu\/web\/zapisnica-zo-zasadnutia-oz-obce-horna-micina-zo-dna-19-11-2025\/\" class=\"_self cvplbd\" target=\"_self\" >Z\u00e1pisnica zo zasadnutia OZ obce Horn\u00e1 Mi\u010dina zo d\u0148a 19.11.2025<\/a><\/h4>\n<div class=\"pt-cv-content\">Z\u00c1PISNICA zo zasadnutia obecn\u00e9ho zastupite\u013estva (\u010falej len OZ) obce Horn\u00e1 Mi\u010din\u00e1 konan\u00e9ho d\u0148a 19.11.2025 v budove obecn\u00e9ho \u00faradu Horn\u00e1 Mi\u010din\u00e1 ...<br \/><div class=\"pt-cv-rmwrap\"><a href=\"https:\/\/www.hornamicina.eu\/web\/zapisnica-zo-zasadnutia-oz-obce-horna-micina-zo-dna-19-11-2025\/\" class=\"_self pt-cv-readmore btn btn-success cvplbd\" target=\"_self\">\u010c\u00edta\u0165 Viac<\/a><\/div><\/div><\/div><\/div><\/div>\n<div class=\"tl-item pt-left\"><div class=\"tl-item-content\"><i class=\"tl-pointer\"><\/i><div class=\" pt-cv-content-item pt-cv-1-col\"  data-pid=\"5584\"><h4 class=\"pt-cv-title\"><a href=\"https:\/\/www.hornamicina.eu\/web\/rozpocet-2026\/\" class=\"_self cvplbd\" target=\"_self\" >Finan\u010dn\u00fd rozpo\u010det 2026 a n\u00e1vrh finan\u010dn\u00e9ho rozpo\u010dtu na roky 2027, 2028<\/a><\/h4>\n<div class=\"pt-cv-content\">Finan\u010dn\u00fd rozpo\u010det na rok 2026 N\u00e1vrh finan\u010dn\u00e9ho rozpo\u010dtu na roky 2027 a 2028 ...<br \/><div class=\"pt-cv-rmwrap\"><a href=\"https:\/\/www.hornamicina.eu\/web\/rozpocet-2026\/\" class=\"_self pt-cv-readmore btn btn-success cvplbd\" target=\"_self\">\u010c\u00edta\u0165 Viac<\/a><\/div><\/div><\/div><\/div><\/div>\n<div class=\"tl-item pt-right\"><div class=\"tl-item-content\"><i class=\"tl-pointer\"><\/i><div class=\" pt-cv-content-item pt-cv-1-col\"  data-pid=\"5495\"><h4 class=\"pt-cv-title\"><a href=\"https:\/\/www.hornamicina.eu\/web\/uznesenia-zo-zasadnutia-oz-hm-zo-dna-25-9-2025\/\" class=\"_self cvplbd\" target=\"_self\" >Uznesenia zo zasadnutia OZ HM zo d\u0148a 25.9.2025<\/a><\/h4>\n<div class=\"pt-cv-content\">\u00a0\u00a0\u00a0\u00a0\u00a0\u00a0\u00a0\u00a0\u00a0\u00a0\u00a0\u00a0\u00a0\u00a0\u00a0\u00a0\u00a0\u00a0\u00a0\u00a0\u00a0\u00a0\u00a0\u00a0\u00a0\u00a0\u00a0\u00a0\u00a0\u00a0\u00a0\u00a0\u00a0\u00a0\u00a0\u00a0\u00a0\u00a0\u00a0\u00a0\u00a0\u00a0\u00a0\u00a0\u00a0\u00a0\u00a0\u00a0\u00a0\u00a0\u00a0\u00a0\u00a0\u00a0\u00a0\u00a0\u00a0\u00a0 UZNESENIA zo zasadnutia obecn\u00e9ho zastupite\u013estva (\u010falej len OZ) obce Horn\u00e1 Mi\u010din\u00e1 konan\u00e9ho d\u0148a 25.9.2025 v\u00a0budove obecn\u00e9ho \u00faradu Horn\u00e1 Mi\u010din\u00e1 ...<br \/><div class=\"pt-cv-rmwrap\"><a href=\"https:\/\/www.hornamicina.eu\/web\/uznesenia-zo-zasadnutia-oz-hm-zo-dna-25-9-2025\/\" class=\"_self pt-cv-readmore btn btn-success cvplbd\" target=\"_self\">\u010c\u00edta\u0165 Viac<\/a><\/div><\/div><\/div><\/div><\/div>\n<div class=\"tl-item pt-left\"><div class=\"tl-item-content\"><i class=\"tl-pointer\"><\/i><div class=\" pt-cv-content-item pt-cv-1-col\"  data-pid=\"5346\"><h4 class=\"pt-cv-title\"><a href=\"https:\/\/www.hornamicina.eu\/web\/uznesenia-zo-zasadnutia-oz-hm-26-6-2025\/\" class=\"_self cvplbd\" target=\"_self\" >Uznesenia zo zasadnutia OZ HM &#8211; 26.6.2025<\/a><\/h4>\n<div class=\"pt-cv-content\">UZNESENIA zo zasadnutia obecn\u00e9ho zastupite\u013estva (\u010falej len OZ) obce Horn\u00e1 Mi\u010din\u00e1 konan\u00e9ho d\u0148a 26.6.2025 v\u00a0budove obecn\u00e9ho \u00faradu Horn\u00e1 Mi\u010din\u00e1 o\u00a016:00 ...<br \/><div class=\"pt-cv-rmwrap\"><a href=\"https:\/\/www.hornamicina.eu\/web\/uznesenia-zo-zasadnutia-oz-hm-26-6-2025\/\" class=\"_self pt-cv-readmore btn btn-success cvplbd\" target=\"_self\">\u010c\u00edta\u0165 Viac<\/a><\/div><\/div><\/div><\/div><\/div>\n<div class=\"tl-item pt-right\"><div class=\"tl-item-content\"><i class=\"tl-pointer\"><\/i><div class=\" pt-cv-content-item pt-cv-1-col\"  data-pid=\"5293\"><h4 class=\"pt-cv-title\"><a href=\"https:\/\/www.hornamicina.eu\/web\/uznesenia-zo-zasadnutia-oz-hm-konaneho-dna-2-6-2025\/\" class=\"_self cvplbd\" target=\"_self\" >Uznesenia zo zasadnutia OZ HM konan\u00e9ho d\u0148a 2.6.2025<\/a><\/h4>\n<div class=\"pt-cv-content\">UZNESENIA zo zasadnutia obecn\u00e9ho zastupite\u013estva (\u010falej len OZ) obce Horn\u00e1 Mi\u010din\u00e1 konan\u00e9ho d\u0148a 2.6.2025 v\u00a0budove obecn\u00e9ho \u00faradu Horn\u00e1 Mi\u010din\u00e1 o\u00a017:00 ...<br \/><div class=\"pt-cv-rmwrap\"><a href=\"https:\/\/www.hornamicina.eu\/web\/uznesenia-zo-zasadnutia-oz-hm-konaneho-dna-2-6-2025\/\" class=\"_self pt-cv-readmore btn btn-success cvplbd\" target=\"_self\">\u010c\u00edta\u0165 Viac<\/a><\/div><\/div><\/div><\/div><\/div>\n<div class=\"tl-item pt-left\"><div class=\"tl-item-content\"><i class=\"tl-pointer\"><\/i><div class=\" pt-cv-content-item pt-cv-1-col\"  data-pid=\"5240\"><h4 class=\"pt-cv-title\"><a href=\"https:\/\/www.hornamicina.eu\/web\/zaverecny-ucet-obce-za-rok-2024\/\" class=\"_self cvplbd\" target=\"_self\" >Z\u00e1vere\u010dn\u00fd \u00fa\u010det obce za rok 2024<\/a><\/h4>\n<div class=\"pt-cv-content\">V pr\u00edlohe je z\u00e1vere\u010dn\u00fd \u00fa\u010det obce HM za rok 2024, v \u010dlenen\u00ed: Rozpo\u010det obce na rok 2024 Rozbor plnenia pr\u00edjmov ...<br \/><div class=\"pt-cv-rmwrap\"><a href=\"https:\/\/www.hornamicina.eu\/web\/zaverecny-ucet-obce-za-rok-2024\/\" class=\"_self pt-cv-readmore btn btn-success cvplbd\" target=\"_self\">\u010c\u00edta\u0165 Viac<\/a><\/div><\/div><\/div><\/div><\/div>\n<div class=\"tl-item pt-right\"><div class=\"tl-item-content\"><i class=\"tl-pointer\"><\/i><div class=\" pt-cv-content-item pt-cv-1-col\"  data-pid=\"5153\"><h4 class=\"pt-cv-title\"><a href=\"https:\/\/www.hornamicina.eu\/web\/uznesenia-zo-zasadnutia-oz-obce-zo-dna-13-3-2025\/\" class=\"_self cvplbd\" target=\"_self\" >Uznesenia zo zasadnutia OZ obce &#8211; zo d\u0148a 13.3.2025<\/a><\/h4>\n<div class=\"pt-cv-content\">UZNESENIA zo zasadnutia obecn\u00e9ho zastupite\u013estva (\u010falej len OZ) obce Horn\u00e1 Mi\u010din\u00e1 konan\u00e9ho d\u0148a 13.3.2025 v\u00a0budove obecn\u00e9ho \u00faradu Horn\u00e1 Mi\u010din\u00e1 o\u00a017:00 ...<br \/><div class=\"pt-cv-rmwrap\"><a href=\"https:\/\/www.hornamicina.eu\/web\/uznesenia-zo-zasadnutia-oz-obce-zo-dna-13-3-2025\/\" class=\"_self pt-cv-readmore btn btn-success cvplbd\" target=\"_self\">\u010c\u00edta\u0165 Viac<\/a><\/div><\/div><\/div><\/div><\/div>\n<\/div><\/div><\/div>\t\t\t<style type=\"text\/css\" id=\"pt-cv-inline-style-54335490wg\">#pt-cv-view-35116674mo .pt-cv-title a, #pt-cv-view-35116674mo  .panel-title { font-weight: 600 !important; }\n#pt-cv-view-35116674mo .pt-cv-readmore  { color: #ffffff !important; background-color: #00aeef !important; }\n#pt-cv-view-35116674mo .pt-cv-readmore:hover  { color: #ffffff !important; background-color: #00aeef !important; }\n#pt-cv-view-35116674mo  + .pt-cv-pagination-wrapper .pt-cv-more , #pt-cv-view-35116674mo  + .pt-cv-pagination-wrapper .pagination .active a { color: #ffffff !important; background-color: #00aeef !important; }<\/style>\r\n\t\t\t\n","protected":false},"excerpt":{"rendered":"Uznesenia zastupite\u013estva obce","protected":false},"author":1,"featured_media":0,"parent":0,"menu_order":0,"comment_status":"closed","ping_status":"closed","template":"","meta":{"advanced_seo_description":"","jetpack_seo_html_title":"","jetpack_seo_noindex":false,"footnotes":""},"class_list":["post-355","page","type-page","status-publish","hentry"],"jetpack_sharing_enabled":true,"jetpack_shortlink":"https:\/\/wp.me\/P8RsFw-5J","jetpack-related-posts":[{"id":347,"url":"https:\/\/www.hornamicina.eu\/web\/vzn\/","url_meta":{"origin":355,"position":0},"title":"V\u0161eobecne z\u00e1v\u00e4zn\u00e9 nariadenia","author":"admin","date":"3. j\u00fala 2017","format":false,"excerpt":"V\u0161eobecne z\u00e1v\u00e4zn\u00e9 nariadenia obce Horn\u00e1 Mi\u010din\u00e1","rel":"","context":"Podobn\u00fd pr\u00edspevok","block_context":{"text":"Podobn\u00fd pr\u00edspevok","link":""},"img":{"alt_text":"horna micina logo erb","src":"https:\/\/i0.wp.com\/www.hornamicina.eu\/web\/wp-content\/uploads\/2017\/06\/cropped-logo-1.png?resize=350%2C200","width":350,"height":200},"classes":[]},{"id":497,"url":"https:\/\/www.hornamicina.eu\/web\/denne-centrum\/","url_meta":{"origin":355,"position":1},"title":"Denn\u00e9 centrum obce","author":"admin","date":"18. okt\u00f3bra 2017","format":false,"excerpt":"Denn\u00e9 centrum obce Horn\u00e1 Mi\u010din\u00e1 Horn\u00e1 Mi\u010din\u00e1 79, 97401 \u00a0Horn\u00e1 Mi\u010din\u00e1 \u00a0 Otv\u00e1racie hodinyPondelok14:00 \u2013 20:00Utorok14:00 \u2013 20:00Streda14:00 \u2013 20:00\u0160tvrtok14:00 \u2013 20:00Piatok14:00 \u2013 20:00 \u00a0\u00a0Pozn\u00e1mka: zmena programu vyhraden\u00e1!\u00a0\u00a0Ak nie je ur\u010den\u00e9 inak \u2013 podujatia sa za\u010d\u00ednaj\u00fa o 14. hodine!\u00a0\u00a0O jednotliv\u00fdch podujatiach sa v predstihu dozviete na osobitn\u00fdch pozv\u00e1nkach na obecn\u00fdch\u00a0tabuliach\u2026","rel":"","context":"Podobn\u00fd pr\u00edspevok","block_context":{"text":"Podobn\u00fd pr\u00edspevok","link":""},"img":{"alt_text":"Denne centrum","src":"https:\/\/i0.wp.com\/www.hornamicina.eu\/web\/wp-content\/uploads\/2017\/10\/dennecentrum-1024x768.jpg?resize=350%2C200&ssl=1","width":350,"height":200,"srcset":"https:\/\/i0.wp.com\/www.hornamicina.eu\/web\/wp-content\/uploads\/2017\/10\/dennecentrum-1024x768.jpg?resize=350%2C200&ssl=1 1x, https:\/\/i0.wp.com\/www.hornamicina.eu\/web\/wp-content\/uploads\/2017\/10\/dennecentrum-1024x768.jpg?resize=525%2C300&ssl=1 1.5x, https:\/\/i0.wp.com\/www.hornamicina.eu\/web\/wp-content\/uploads\/2017\/10\/dennecentrum-1024x768.jpg?resize=700%2C400&ssl=1 2x"},"classes":[]},{"id":4929,"url":"https:\/\/www.hornamicina.eu\/web\/zasady-hospodarenia-s-majetkom-obce-horna-micina\/","url_meta":{"origin":355,"position":2},"title":"Z\u00e1sady hospod\u00e1renia s majetkom Obce Horn\u00e1 Mi\u010din\u00e1","author":"admin","date":"25. septembra 2024","format":false,"excerpt":"Z\u00e1sady hospod\u00e1renia s majetkom Obce Horn\u00e1 Mi\u010din\u00e1 \u00a0 Obecn\u00e9 zastupite\u013estvo v\u00a0Hornej Mi\u010dinej na z\u00e1klade ustanovenia\u00a0\u00a7 11 ods. 4 p\u00edsm. a) z\u00e1kona \u010d. 369\/1990 Zb.\u00a0o obecnom zriaden\u00ed a\u00a0\u00a7 9 ods. 1 z\u00e1kona \u010d. 138\/1991 Zb.\u00a0o majetku obc\u00ed ur\u010duje tieto z\u00e1sady hospod\u00e1renia a nakladania s majetkom obce Horn\u00e1 Mi\u010din\u00e1 (v texte \u010falej\u2026","rel":"","context":"Podobn\u00fd pr\u00edspevok","block_context":{"text":"Podobn\u00fd pr\u00edspevok","link":""},"img":{"alt_text":"HornaMicinaLetecky","src":"https:\/\/i0.wp.com\/www.hornamicina.eu\/web\/wp-content\/uploads\/2017\/06\/4501.jpg?fit=1200%2C800&ssl=1&resize=350%2C200","width":350,"height":200,"srcset":"https:\/\/i0.wp.com\/www.hornamicina.eu\/web\/wp-content\/uploads\/2017\/06\/4501.jpg?fit=1200%2C800&ssl=1&resize=350%2C200 1x, https:\/\/i0.wp.com\/www.hornamicina.eu\/web\/wp-content\/uploads\/2017\/06\/4501.jpg?fit=1200%2C800&ssl=1&resize=525%2C300 1.5x, https:\/\/i0.wp.com\/www.hornamicina.eu\/web\/wp-content\/uploads\/2017\/06\/4501.jpg?fit=1200%2C800&ssl=1&resize=700%2C400 2x, https:\/\/i0.wp.com\/www.hornamicina.eu\/web\/wp-content\/uploads\/2017\/06\/4501.jpg?fit=1200%2C800&ssl=1&resize=1050%2C600 3x"},"classes":[]},{"id":1809,"url":"https:\/\/www.hornamicina.eu\/web\/mdz-2020\/","url_meta":{"origin":355,"position":3},"title":"MD\u017d 2020 &#8211; trad\u00edcia v obci pokra\u010duje","author":"admin","date":"12. marca 2020","format":false,"excerpt":"Medzin\u00e1rodn\u00fd de\u0148 \u017eien ako sviatok ne\u017enej\u0161ieho pohlavia si na\u010falej v\u00a0Hornej Mi\u010dinej udr\u017eiava svoju sl\u00e1vnostn\u00fa podobu. Ani v\u00a0sobotu 7. marca t.r. to nebolo inak. Kr\u00e1sne nazdoben\u00e1 s\u00e1la priv\u00edtala pribli\u017ene p\u00e4\u0165 desiatok \u017eien rozli\u010dn\u00e9ho veku, ktor\u00e9 prijali pozvanie starostu a\u00a0obecn\u00e9ho zastupite\u013estva v\u00a0spolupr\u00e1ci s\u00a0Centrom seniorov a\u00a0ZO Slovensk\u00e9ho zv\u00e4zu protifa\u0161istick\u00fdch bojovn\u00edkov na spolo\u010densk\u00e9 stretnutie.\u2026","rel":"","context":"Podobn\u00fd pr\u00edspevok","block_context":{"text":"Podobn\u00fd pr\u00edspevok","link":""},"img":{"alt_text":"","src":"","width":0,"height":0},"classes":[]},{"id":2491,"url":"https:\/\/www.hornamicina.eu\/web\/clanky\/","url_meta":{"origin":355,"position":4},"title":"\u010cl\u00e1nky","author":"admin","date":"20. m\u00e1ja 2021","format":false,"excerpt":"","rel":"","context":"Podobn\u00fd pr\u00edspevok","block_context":{"text":"Podobn\u00fd pr\u00edspevok","link":""},"img":{"alt_text":"","src":"","width":0,"height":0},"classes":[]},{"id":3537,"url":"https:\/\/www.hornamicina.eu\/web\/fotoalbum\/","url_meta":{"origin":355,"position":5},"title":"Fotoalbum","author":"admin","date":"15. febru\u00e1ra 2023","format":false,"excerpt":"","rel":"","context":"Podobn\u00fd pr\u00edspevok","block_context":{"text":"Podobn\u00fd pr\u00edspevok","link":""},"img":{"alt_text":"","src":"","width":0,"height":0},"classes":[]}],"jetpack_likes_enabled":true,"_links":{"self":[{"href":"https:\/\/www.hornamicina.eu\/web\/wp-json\/wp\/v2\/pages\/355","targetHints":{"allow":["GET"]}}],"collection":[{"href":"https:\/\/www.hornamicina.eu\/web\/wp-json\/wp\/v2\/pages"}],"about":[{"href":"https:\/\/www.hornamicina.eu\/web\/wp-json\/wp\/v2\/types\/page"}],"author":[{"embeddable":true,"href":"https:\/\/www.hornamicina.eu\/web\/wp-json\/wp\/v2\/users\/1"}],"replies":[{"embeddable":true,"href":"https:\/\/www.hornamicina.eu\/web\/wp-json\/wp\/v2\/comments?post=355"}],"version-history":[{"count":0,"href":"https:\/\/www.hornamicina.eu\/web\/wp-json\/wp\/v2\/pages\/355\/revisions"}],"wp:attachment":[{"href":"https:\/\/www.hornamicina.eu\/web\/wp-json\/wp\/v2\/media?parent=355"}],"curies":[{"name":"wp","href":"https:\/\/api.w.org\/{rel}","templated":true}]}}