{"id":303,"date":"2017-06-28T16:19:44","date_gmt":"2017-06-28T14:19:44","guid":{"rendered":"http:\/\/www.hornamicina.eu\/web\/?page_id=303"},"modified":"2020-12-08T20:20:48","modified_gmt":"2020-12-08T19:20:48","slug":"obchod","status":"publish","type":"page","link":"https:\/\/www.hornamicina.eu\/web\/obchod\/","title":{"rendered":"Potraviny LS &#8211; M\u00f4j obchod"},"content":{"rendered":"<div class=\"mp-row-fluid motopress-row mpce-dsbl-margin-left mpce-dsbl-margin-right\">\n<div class=\"motopress-clmn mp-span12  mpce-dsbl-margin-left mpce-dsbl-margin-right\">\n<div class=\"mp-row-fluid motopress-row mpce-dsbl-margin-left mpce-dsbl-margin-right\">\n<div class=\"motopress-clmn mp-span9 mpce-dsbl-margin-left mpce-dsbl-margin-right\">\n<div class=\"motopress-image-obj motopress-text-align-left\"><img decoding=\"async\" src=\"https:\/\/i0.wp.com\/www.hornamicina.eu\/web\/wp-content\/uploads\/2017\/06\/logo.png?fit=500%2C115&ssl=1\" title=\"logo Moj Obchod\" alt=\"logo Moj Obchod\" class=\"motopress-image-obj-basic mpce-dsbl-margin-left mpce-dsbl-margin-right mpce-dsbl-margin-top mpce-dsbl-margin-bottom\" \/><\/div>\n<\/div>\n<div class=\"motopress-clmn mp-span3 mpce-dsbl-margin-left mpce-dsbl-margin-right\">\n<div class=\"motopress-list-obj motopress-list-obj-basic \"><ul class=\"motopress-list-type-circle\"><li>Predaj alkoholu<\/li><li>Predaj \u00faden\u00edn<\/li><li>Mo\u017enos\u0165 platby kartou<\/li><li>Samoobsluha<\/li><\/ul><\/div>\n<\/div>\n<\/div>\n<div class=\"mp-row-fluid motopress-row mpce-dsbl-margin-left mpce-dsbl-margin-right\">\n<div class=\"motopress-clmn mp-span6 mpce-dsbl-margin-left mpce-dsbl-margin-right\">\n<div class=\"motopress-text-obj\">\n<h2>Potraviny LS<\/h2>\n<address>Horn\u00e1 Mi\u010din\u00e1 156<\/address>\n<address>97401 \u00a0Horn\u00e1 Mi\u010din\u00e1<\/address>\n<address>\u00a0<\/address>\n<address><strong>Po\u010das \u0161t\u00e1tnych sviatkov zatvoren\u00e9.<\/strong><\/address>\n<\/div>\n<\/div>\n<div class=\"motopress-clmn mp-span6 mpce-dsbl-margin-left mpce-dsbl-margin-right\">\n<div class=\"motopress-image-obj motopress-text-align-left\"><a href=\"https:\/\/i0.wp.com\/www.hornamicina.eu\/web\/wp-content\/uploads\/2017\/06\/Potraviny-LS.jpg?fit=664%2C476&ssl=1\" data-action=\"motopressLightbox\" target=\"_self\"><img decoding=\"async\" src=\"https:\/\/i0.wp.com\/www.hornamicina.eu\/web\/wp-content\/uploads\/2017\/06\/Potraviny-LS.jpg?fit=300%2C215&ssl=1\" title=\"Potraviny LS\" alt=\"Potraviny LS\" class=\"motopress-image-obj-basic tilt ciernobiely_eff mpce-dsbl-margin-left mpce-dsbl-margin-right mpce-dsbl-margin-top mpce-dsbl-margin-bottom\" \/><\/a><\/div>\n<\/div>\n<\/div>\n<\/div>\n<\/div>\n<div class=\"mp-row-fluid motopress-row mpce-dsbl-margin-left mpce-dsbl-margin-right\">\n<div class=\"motopress-clmn mp-span12  mpce-dsbl-margin-left mpce-dsbl-margin-right\">\n<div class=\"motopress-table-obj\"><table class=\"motopress-table mp-theme-table-brand motopress-table-first-col-left mpce-dsbl-padding-left mpce-dsbl-padding-right mpce-dsbl-margin-top mpce-dsbl-margin-bottom\"><thead><tr><th>Otv\u00e1racie hodiny<\/th><th><\/th><th><\/th><\/tr><\/thead><tbody><tr><td>Pondelok<\/td><td>7:00 &#8211; 13:00<\/td><td>13:30 &#8211; 17:00<\/td><\/tr><tr class=\"odd-row\"><td>Utorok<\/td><td>7:00 &#8211; 13:00<\/td><td>13:30 &#8211; 17:00<\/td><\/tr><tr><td>Streda<\/td><td>7:00 &#8211; 13:00<\/td><td>13:30 &#8211; 17:00<\/td><\/tr><tr class=\"odd-row\"><td>\u0160tvrtok<\/td><td>7:00 &#8211; 13:00<\/td><td>13:30 &#8211; 17:00<\/td><\/tr><tr><td>Piatok<\/td><td>7:00 &#8211; 13:00<\/td><td>13:30 &#8211; 17:00<\/td><\/tr><tr class=\"odd-row\"><td>Sobota<\/td><td>7:00 &#8211; 11:00<\/td><td><\/td><\/tr><tr><td>Nede\u013ea<\/td><td>8:00 &#8211; 11:00<\/td><td><\/td><\/tr><\/tbody><\/table><\/div>\n<\/div>\n<\/div>\n","protected":false},"excerpt":{"rendered":"Predaj alkoholuPredaj \u00faden\u00ednMo\u017enos\u0165 platby kartouSamoobsluha Potraviny LS Horn\u00e1 Mi\u010din\u00e1 156 97401 \u00a0Horn\u00e1 Mi\u010din\u00e1 [&hellip;]","protected":false},"author":1,"featured_media":0,"parent":0,"menu_order":0,"comment_status":"closed","ping_status":"closed","template":"","meta":{"advanced_seo_description":"","jetpack_seo_html_title":"","jetpack_seo_noindex":false,"footnotes":""},"class_list":["post-303","page","type-page","status-publish","hentry"],"jetpack_sharing_enabled":true,"jetpack_shortlink":"https:\/\/wp.me\/P8RsFw-4T","jetpack-related-posts":[{"id":497,"url":"https:\/\/www.hornamicina.eu\/web\/denne-centrum\/","url_meta":{"origin":303,"position":0},"title":"Denn\u00e9 centrum obce","author":"admin","date":"18. okt\u00f3bra 2017","format":false,"excerpt":"Denn\u00e9 centrum obce Horn\u00e1 Mi\u010din\u00e1 Horn\u00e1 Mi\u010din\u00e1 79, 97401 \u00a0Horn\u00e1 Mi\u010din\u00e1 \u00a0 Otv\u00e1racie hodinyPondelok14:00 \u2013 20:00Utorok14:00 \u2013 20:00Streda14:00 \u2013 20:00\u0160tvrtok14:00 \u2013 20:00Piatok14:00 \u2013 20:00 \u00a0\u00a0Pozn\u00e1mka: zmena programu vyhraden\u00e1!\u00a0\u00a0Ak nie je ur\u010den\u00e9 inak \u2013 podujatia sa za\u010d\u00ednaj\u00fa o 14. hodine!\u00a0\u00a0O jednotliv\u00fdch podujatiach sa v predstihu dozviete na osobitn\u00fdch pozv\u00e1nkach na obecn\u00fdch\u00a0tabuliach\u2026","rel":"","context":"Podobn\u00fd pr\u00edspevok","block_context":{"text":"Podobn\u00fd pr\u00edspevok","link":""},"img":{"alt_text":"Denne centrum","src":"https:\/\/i0.wp.com\/www.hornamicina.eu\/web\/wp-content\/uploads\/2017\/10\/dennecentrum-1024x768.jpg?resize=350%2C200&ssl=1","width":350,"height":200,"srcset":"https:\/\/i0.wp.com\/www.hornamicina.eu\/web\/wp-content\/uploads\/2017\/10\/dennecentrum-1024x768.jpg?resize=350%2C200&ssl=1 1x, https:\/\/i0.wp.com\/www.hornamicina.eu\/web\/wp-content\/uploads\/2017\/10\/dennecentrum-1024x768.jpg?resize=525%2C300&ssl=1 1.5x, https:\/\/i0.wp.com\/www.hornamicina.eu\/web\/wp-content\/uploads\/2017\/10\/dennecentrum-1024x768.jpg?resize=700%2C400&ssl=1 2x"},"classes":[]},{"id":135,"url":"https:\/\/www.hornamicina.eu\/web\/kontakt\/","url_meta":{"origin":303,"position":1},"title":"Kontakt","author":"admin","date":"21. j\u00fana 2017","format":false,"excerpt":"Obecn\u00fd \u00farad Horn\u00e1 Mi\u010din\u00e1 \u00a0 Adresa: Horn\u00e1 Mi\u010din\u00e1 79, 974 01 \u00a0Bansk\u00e1 BystricaTel.:\u00a0+421 48 418 09 23, e-mail: hornamicina@gmail.comStarosta obce: Ivan Len\u00e1r, tel.:\u00a0+421 907 087 151Referent: Alena Belajov\u00e1, tel.:\u00a0+421 907 087 152 I\u010cO: 00313459 DI\u010c: 2021115833 Banka: Prima Banka, a.s. Bankov\u00e9 spojenie:\u00a098 5600 0000 0012 5532 1011 Str\u00e1nkov\u00e9 hodiny \u00faradu\u2026","rel":"","context":"Podobn\u00fd pr\u00edspevok","block_context":{"text":"Podobn\u00fd pr\u00edspevok","link":""},"img":{"alt_text":"horna micina logo erb","src":"https:\/\/i0.wp.com\/www.hornamicina.eu\/web\/wp-content\/uploads\/2017\/06\/cropped-logo-1-150x150.png?resize=350%2C200&ssl=1","width":350,"height":200},"classes":[]},{"id":243,"url":"https:\/\/www.hornamicina.eu\/web\/urbar\/","url_meta":{"origin":303,"position":2},"title":"Pozemkov\u00e9 spolo\u010denstvo Urb\u00e1r","author":"admin","date":"28. j\u00fana 2017","format":false,"excerpt":"Pozemkov\u00e9 spolo\u010denstvo Urb\u00e1r Horn\u00e1 Mi\u010din\u00e1 Predseda: \u00a0Ing. Pavel Baran Adresa: Horn\u00e1 Mi\u010din\u00e1 114, 97401 Horn\u00e1 Mi\u010din\u00e1 I\u010cO: 17061423 Telef\u00f3n: 048 \/ 4180 914 \u00a0","rel":"","context":"Podobn\u00fd pr\u00edspevok","block_context":{"text":"Podobn\u00fd pr\u00edspevok","link":""},"img":{"alt_text":"","src":"","width":0,"height":0},"classes":[]},{"id":347,"url":"https:\/\/www.hornamicina.eu\/web\/vzn\/","url_meta":{"origin":303,"position":3},"title":"V\u0161eobecne z\u00e1v\u00e4zn\u00e9 nariadenia","author":"admin","date":"3. j\u00fala 2017","format":false,"excerpt":"V\u0161eobecne z\u00e1v\u00e4zn\u00e9 nariadenia obce Horn\u00e1 Mi\u010din\u00e1","rel":"","context":"Podobn\u00fd pr\u00edspevok","block_context":{"text":"Podobn\u00fd pr\u00edspevok","link":""},"img":{"alt_text":"horna micina logo erb","src":"https:\/\/i0.wp.com\/www.hornamicina.eu\/web\/wp-content\/uploads\/2017\/06\/cropped-logo-1.png?resize=350%2C200","width":350,"height":200},"classes":[]},{"id":853,"url":"https:\/\/www.hornamicina.eu\/web\/civilna-ochrana\/","url_meta":{"origin":303,"position":4},"title":"Civiln\u00e1 ochrana","author":"admin","date":"26. j\u00fana 2018","format":false,"excerpt":"CIVILN\u00c1\u00a0 OCHRANA Obec Horn\u00e1 Mi\u010din\u00e1 Stiahnu\u0165 organiza\u010dn\u00e9 pokyny","rel":"","context":"Podobn\u00fd pr\u00edspevok","block_context":{"text":"Podobn\u00fd pr\u00edspevok","link":""},"img":{"alt_text":"horna micina logo erb","src":"https:\/\/i0.wp.com\/www.hornamicina.eu\/web\/wp-content\/uploads\/2017\/06\/cropped-logo-1-150x150.png?resize=350%2C200","width":350,"height":200},"classes":[]},{"id":410,"url":"https:\/\/www.hornamicina.eu\/web\/elektronicka-uradna-tabula\/","url_meta":{"origin":303,"position":5},"title":"Elektronick\u00e1 \u00faradn\u00e1 tabu\u013ea","author":"admin","date":"10. j\u00fala 2017","format":false,"excerpt":"Elektronick\u00e1 \u00faradn\u00e1 tabu\u013ea Obec Horn\u00e1 Mi\u010din\u00e1","rel":"","context":"Podobn\u00fd pr\u00edspevok","block_context":{"text":"Podobn\u00fd pr\u00edspevok","link":""},"img":{"alt_text":"horna micina logo erb","src":"https:\/\/i0.wp.com\/www.hornamicina.eu\/web\/wp-content\/uploads\/2017\/06\/cropped-logo-1-150x150.png?resize=350%2C200","width":350,"height":200},"classes":[]}],"jetpack_likes_enabled":true,"_links":{"self":[{"href":"https:\/\/www.hornamicina.eu\/web\/wp-json\/wp\/v2\/pages\/303","targetHints":{"allow":["GET"]}}],"collection":[{"href":"https:\/\/www.hornamicina.eu\/web\/wp-json\/wp\/v2\/pages"}],"about":[{"href":"https:\/\/www.hornamicina.eu\/web\/wp-json\/wp\/v2\/types\/page"}],"author":[{"embeddable":true,"href":"https:\/\/www.hornamicina.eu\/web\/wp-json\/wp\/v2\/users\/1"}],"replies":[{"embeddable":true,"href":"https:\/\/www.hornamicina.eu\/web\/wp-json\/wp\/v2\/comments?post=303"}],"version-history":[{"count":0,"href":"https:\/\/www.hornamicina.eu\/web\/wp-json\/wp\/v2\/pages\/303\/revisions"}],"wp:attachment":[{"href":"https:\/\/www.hornamicina.eu\/web\/wp-json\/wp\/v2\/media?parent=303"}],"curies":[{"name":"wp","href":"https:\/\/api.w.org\/{rel}","templated":true}]}}