{"id":295,"date":"2017-06-28T16:02:03","date_gmt":"2017-06-28T14:02:03","guid":{"rendered":"http:\/\/www.hornamicina.eu\/web\/?page_id=295"},"modified":"2025-01-09T21:46:05","modified_gmt":"2025-01-09T20:46:05","slug":"posta","status":"publish","type":"page","link":"https:\/\/www.hornamicina.eu\/web\/posta\/","title":{"rendered":"Po\u0161ta"},"content":{"rendered":"<div class=\"mp-row-fluid motopress-row mpce-dsbl-margin-left mpce-dsbl-margin-right\">\n<div class=\"motopress-clmn mp-span2  mpce-dsbl-margin-left mpce-dsbl-margin-right\">\n<div class=\"motopress-image-obj motopress-text-align-left\"><img decoding=\"async\" src=\"https:\/\/i0.wp.com\/www.hornamicina.eu\/web\/wp-content\/uploads\/2017\/06\/postalogo.png?fit=220%2C197&ssl=1\" title=\"postalogo\" alt=\"Po\u0161ta logo\" class=\"motopress-image-obj-basic mpce-dsbl-margin-left mpce-dsbl-margin-right mpce-dsbl-margin-top mpce-dsbl-margin-bottom\" \/><\/div>\n<\/div>\n<div class=\"motopress-clmn mp-span10  mpce-dsbl-margin-left mpce-dsbl-margin-right\">\n<div class=\"motopress-text-obj\">\n<h2>Pojazdn\u00e1 po\u0161ta<\/h2>\n<p>V obci prev\u00e1dzkuje pojazdn\u00fa po\u0161tu Slovensk\u00e1 po\u0161ta, a.s. Slu\u017eby poskytovan\u00e9 pr\u00edle\u017eitostnou po\u0161tou je mo\u017en\u00e9 uhradi\u0165 v hotovosti alebo po\u0161tov\u00fdmi zn\u00e1mkami. Poskytuje najm\u00e4 vybranie po\u0161tov\u00fdch z\u00e1sielok, predaj cen\u00edn, predaj kore\u0161ponden\u010dn\u00fdch l\u00edstkov, predaj filatelistick\u00fdch produktov, pou\u017e\u00edvanie pr\u00edle\u017eitostnej po\u0161tovej pe\u010diatky, predaj \u017erebov, poh\u013eadn\u00edc, nov\u00edn a \u010dasopisov a poskytovanie \u010fal\u0161\u00edch dohodnut\u00fdch slu\u017eieb. <span style=\"text-decoration: underline;\">Nie je mo\u017en\u00e9 pod\u00e1va\u0165 z\u00e1sielky vytvoren\u00e9 cez elektronick\u00fd port\u00e1l po\u0161ty.\u00a0<\/span><\/p>\n<p>Dod\u00e1vka sa nach\u00e1dza na n\u00e1mest\u00ed pri Pozemkovom spolo\u010denstve Urb\u00e1r.<\/p>\n<\/div>\n<\/div>\n<\/div>\n<div class=\"mp-row-fluid motopress-row mpce-dsbl-margin-left mpce-dsbl-margin-right\">\n<div class=\"motopress-clmn mp-span12  mpce-dsbl-margin-left mpce-dsbl-margin-right\">\n<div class=\"motopress-table-obj\"><table class=\"motopress-table mp-theme-table-brand motopress-table-first-col-left mpce-dsbl-padding-left mpce-dsbl-padding-right mpce-dsbl-margin-top mpce-dsbl-margin-bottom\"><thead><tr><th>Otv\u00e1racie hodiny pojazdnej po\u0161ty<\/th><th><\/th><\/tr><\/thead><tbody><tr><td>Pondelok<\/td><td>12:30 &#8211; 13:30<\/td><\/tr><tr class=\"odd-row\"><td>Utorok<\/td><td>12:30 &#8211; 13:30<\/td><\/tr><tr><td>Streda<\/td><td>12:30 &#8211; 13:30<\/td><\/tr><tr class=\"odd-row\"><td>\u0160tvrtok<\/td><td>12:30 &#8211; 13:30<\/td><\/tr><tr><td>Piatok<\/td><td>12:30 &#8211; 13:30<\/td><\/tr><\/tbody><\/table><\/div>\n<\/div>\n<\/div>\n","protected":false},"excerpt":{"rendered":"Pojazdn\u00e1 po\u0161ta V obci prev\u00e1dzkuje pojazdn\u00fa po\u0161tu Slovensk\u00e1 po\u0161ta, a.s. Slu\u017eby poskytovan\u00e9 pr\u00edle\u017eitostnou [&hellip;]","protected":false},"author":1,"featured_media":0,"parent":0,"menu_order":0,"comment_status":"closed","ping_status":"closed","template":"","meta":{"advanced_seo_description":"","jetpack_seo_html_title":"","jetpack_seo_noindex":false,"footnotes":""},"class_list":["post-295","page","type-page","status-publish","hentry"],"jetpack_sharing_enabled":true,"jetpack_shortlink":"https:\/\/wp.me\/P8RsFw-4L","jetpack-related-posts":[{"id":303,"url":"https:\/\/www.hornamicina.eu\/web\/obchod\/","url_meta":{"origin":295,"position":0},"title":"Potraviny LS &#8211; M\u00f4j obchod","author":"admin","date":"28. j\u00fana 2017","format":false,"excerpt":"Predaj alkoholuPredaj \u00faden\u00ednMo\u017enos\u0165 platby kartouSamoobsluha Potraviny LS Horn\u00e1 Mi\u010din\u00e1 156 97401 \u00a0Horn\u00e1 Mi\u010din\u00e1 \u00a0 Po\u010das \u0161t\u00e1tnych sviatkov zatvoren\u00e9. Otv\u00e1racie hodinyPondelok7:00 \u2013 13:0013:30 \u2013 17:00Utorok7:00 \u2013 13:0013:30 \u2013 17:00Streda7:00 \u2013 13:0013:30 \u2013 17:00\u0160tvrtok7:00 \u2013 13:0013:30 \u2013 17:00Piatok7:00 \u2013 13:0013:30 \u2013 17:00Sobota7:00 \u2013 11:00Nede\u013ea8:00 \u2013 11:00","rel":"","context":"Podobn\u00fd pr\u00edspevok","block_context":{"text":"Podobn\u00fd pr\u00edspevok","link":""},"img":{"alt_text":"logo Moj Obchod","src":"https:\/\/i0.wp.com\/www.hornamicina.eu\/web\/wp-content\/uploads\/2017\/06\/logo.png?resize=350%2C200&ssl=1","width":350,"height":200},"classes":[]},{"id":4929,"url":"https:\/\/www.hornamicina.eu\/web\/zasady-hospodarenia-s-majetkom-obce-horna-micina\/","url_meta":{"origin":295,"position":1},"title":"Z\u00e1sady hospod\u00e1renia s majetkom Obce Horn\u00e1 Mi\u010din\u00e1","author":"admin","date":"25. septembra 2024","format":false,"excerpt":"Z\u00e1sady hospod\u00e1renia s majetkom Obce Horn\u00e1 Mi\u010din\u00e1 \u00a0 Obecn\u00e9 zastupite\u013estvo v\u00a0Hornej Mi\u010dinej na z\u00e1klade ustanovenia\u00a0\u00a7 11 ods. 4 p\u00edsm. a) z\u00e1kona \u010d. 369\/1990 Zb.\u00a0o obecnom zriaden\u00ed a\u00a0\u00a7 9 ods. 1 z\u00e1kona \u010d. 138\/1991 Zb.\u00a0o majetku obc\u00ed ur\u010duje tieto z\u00e1sady hospod\u00e1renia a nakladania s majetkom obce Horn\u00e1 Mi\u010din\u00e1 (v texte \u010falej\u2026","rel":"","context":"Podobn\u00fd pr\u00edspevok","block_context":{"text":"Podobn\u00fd pr\u00edspevok","link":""},"img":{"alt_text":"HornaMicinaLetecky","src":"https:\/\/i0.wp.com\/www.hornamicina.eu\/web\/wp-content\/uploads\/2017\/06\/4501.jpg?fit=1200%2C800&ssl=1&resize=350%2C200","width":350,"height":200,"srcset":"https:\/\/i0.wp.com\/www.hornamicina.eu\/web\/wp-content\/uploads\/2017\/06\/4501.jpg?fit=1200%2C800&ssl=1&resize=350%2C200 1x, https:\/\/i0.wp.com\/www.hornamicina.eu\/web\/wp-content\/uploads\/2017\/06\/4501.jpg?fit=1200%2C800&ssl=1&resize=525%2C300 1.5x, https:\/\/i0.wp.com\/www.hornamicina.eu\/web\/wp-content\/uploads\/2017\/06\/4501.jpg?fit=1200%2C800&ssl=1&resize=700%2C400 2x, https:\/\/i0.wp.com\/www.hornamicina.eu\/web\/wp-content\/uploads\/2017\/06\/4501.jpg?fit=1200%2C800&ssl=1&resize=1050%2C600 3x"},"classes":[]},{"id":3847,"url":"https:\/\/www.hornamicina.eu\/web\/730-vyrocie-obce-horna-micina\/","url_meta":{"origin":295,"position":2},"title":"730. v\u00fdro\u010die obce Horn\u00e1 Mi\u010din\u00e1","author":"admin","date":"18. augusta 2023","format":false,"excerpt":"Horn\u00e1 Mi\u010din\u00e1 v minulosti a s\u00fa\u010dasnosti k 730. v\u00fdro\u010diu prvej p\u00edsomnej zmienky N\u00e1zvy:\u00a0Terra Mike, Terra comitis Mike, Lehatha, Mikelyhota, Mikefalva, Micafalw, Miczinaves, Mitchina. \u00a0 Pr\u00edrodn\u00e9 pomery Obec Horn\u00e1 Mi\u010din\u00e1 je situovan\u00e1 6 km na juh od okresn\u00e9ho mesta Bansk\u00e1 Bystrica. Nach\u00e1dza sa v\u00a0z\u00e1padnej \u010dasti Slovensk\u00e9ho Rudohoria vo Zvolenskej kotline, v\u00a0doline\u2026","rel":"","context":"Podobn\u00fd pr\u00edspevok","block_context":{"text":"Podobn\u00fd pr\u00edspevok","link":""},"img":{"alt_text":"","src":"https:\/\/i0.wp.com\/www.hornamicina.eu\/web\/wp-content\/uploads\/2023\/08\/Horna-Micina-pred-sto-rokmi-min-e1692372759477.jpg?fit=791%2C412&ssl=1&resize=350%2C200","width":350,"height":200,"srcset":"https:\/\/i0.wp.com\/www.hornamicina.eu\/web\/wp-content\/uploads\/2023\/08\/Horna-Micina-pred-sto-rokmi-min-e1692372759477.jpg?fit=791%2C412&ssl=1&resize=350%2C200 1x, https:\/\/i0.wp.com\/www.hornamicina.eu\/web\/wp-content\/uploads\/2023\/08\/Horna-Micina-pred-sto-rokmi-min-e1692372759477.jpg?fit=791%2C412&ssl=1&resize=525%2C300 1.5x, https:\/\/i0.wp.com\/www.hornamicina.eu\/web\/wp-content\/uploads\/2023\/08\/Horna-Micina-pred-sto-rokmi-min-e1692372759477.jpg?fit=791%2C412&ssl=1&resize=700%2C400 2x"},"classes":[]},{"id":61,"url":"https:\/\/www.hornamicina.eu\/web\/historia-obce\/","url_meta":{"origin":295,"position":3},"title":"Hist\u00f3ria obce","author":"admin","date":"21. j\u00fana 2017","format":false,"excerpt":"Obec Horn\u00e1 Mi\u010din\u00e1 le\u017e\u00ed v z\u00e1padnej \u010dasti Slovensk\u00e9ho Rudohoria. M\u00e1 pahorkatinov\u00fd a\u017e vrchovinov\u00fd r\u00e1z, patr\u00ed k Bystrickej vrchovine, ktor\u00e1 tvor\u00ed najv\u00e4\u010d\u0161iu \u010das\u0165 Zvolenskej kotliny. Na kopci Kozlinec sa nach\u00e1dza chr\u00e1nen\u00e9 n\u00e1lezisko duba plstnat\u00e9ho o v\u00fdmere 25,62 ha a bolo zap\u00edsan\u00e9 medzi chr\u00e1nen\u00e9 oblasti v roku 1967. Chot\u00e1r m\u00e1 rozlohu 1571\u2026","rel":"","context":"Podobn\u00fd pr\u00edspevok","block_context":{"text":"Podobn\u00fd pr\u00edspevok","link":""},"img":{"alt_text":"horna micina logo erb","src":"https:\/\/i0.wp.com\/www.hornamicina.eu\/web\/wp-content\/uploads\/2017\/06\/cropped-logo-1.png?resize=350%2C200","width":350,"height":200},"classes":[]},{"id":82,"url":"https:\/\/www.hornamicina.eu\/web\/geografia\/","url_meta":{"origin":295,"position":4},"title":"Geografia","author":"admin","date":"21. j\u00fana 2017","format":false,"excerpt":"Horn\u00e1 Mi\u010din\u00e1 Chot\u00e1r obce m\u00e1 rozlohu 1571 ha. Hrani\u010d\u00ed s Banskou Bystricou, M\u00f4l\u010dou, Oravcami, Dolnou Mi\u010dinou a Vlkanovou. Obec Horn\u00e1 Mi\u010din\u00e1 le\u017e\u00ed v z\u00e1padnej \u010dasti Slovensk\u00e9ho Rudohoria \u2013 vo Zvolenskej kotline \u2013 v doline Mi\u010dinsk\u00e9ho potoka, ktor\u00fd je \u013eav\u00fdm pr\u00edtokom rieky Hron. Nadmorsk\u00e1 v\u00fd\u0161ka obce je 432 m. Okolie ktor\u00e9\u2026","rel":"","context":"Podobn\u00fd pr\u00edspevok","block_context":{"text":"Podobn\u00fd pr\u00edspevok","link":""},"img":{"alt_text":"","src":"","width":0,"height":0},"classes":[]},{"id":2028,"url":"https:\/\/www.hornamicina.eu\/web\/vila-dominika-skuteckeho\/","url_meta":{"origin":295,"position":5},"title":"Vila Dominika Skuteck\u00e9ho","author":"admin","date":"26. j\u00fana 2020","format":false,"excerpt":"23. j\u00fana 2020 sa Denn\u00e9 centrum seniorov\u00a0v Hornej Mi\u010dinej rozhodlo zorganizova\u0165 prehliadku zrekon\u0161truovanej\u00a0expoz\u00edcie Vily Dominika Skuteck\u00e9ho\u00a0v Banskej Bystrici, kde je mo\u017enos\u0165 vidie\u0165 aj zn\u00e1my obraz \"Trh\" v Banskej Bystrici. O odborn\u00fd v\u00fdklad sa postarala\u00a0Dr. Jana Borgu\u013eov\u00e1.","rel":"","context":"Podobn\u00fd pr\u00edspevok","block_context":{"text":"Podobn\u00fd pr\u00edspevok","link":""},"img":{"alt_text":"","src":"","width":0,"height":0},"classes":[]}],"jetpack_likes_enabled":true,"_links":{"self":[{"href":"https:\/\/www.hornamicina.eu\/web\/wp-json\/wp\/v2\/pages\/295","targetHints":{"allow":["GET"]}}],"collection":[{"href":"https:\/\/www.hornamicina.eu\/web\/wp-json\/wp\/v2\/pages"}],"about":[{"href":"https:\/\/www.hornamicina.eu\/web\/wp-json\/wp\/v2\/types\/page"}],"author":[{"embeddable":true,"href":"https:\/\/www.hornamicina.eu\/web\/wp-json\/wp\/v2\/users\/1"}],"replies":[{"embeddable":true,"href":"https:\/\/www.hornamicina.eu\/web\/wp-json\/wp\/v2\/comments?post=295"}],"version-history":[{"count":0,"href":"https:\/\/www.hornamicina.eu\/web\/wp-json\/wp\/v2\/pages\/295\/revisions"}],"wp:attachment":[{"href":"https:\/\/www.hornamicina.eu\/web\/wp-json\/wp\/v2\/media?parent=295"}],"curies":[{"name":"wp","href":"https:\/\/api.w.org\/{rel}","templated":true}]}}