{"id":2596,"date":"2021-08-29T12:47:39","date_gmt":"2021-08-29T10:47:39","guid":{"rendered":"https:\/\/www.hornamicina.eu\/web\/?page_id=2596"},"modified":"2021-10-27T11:52:47","modified_gmt":"2021-10-27T09:52:47","slug":"relacia-zvony-nad-krajinou","status":"publish","type":"page","link":"https:\/\/www.hornamicina.eu\/web\/relacia-zvony-nad-krajinou\/","title":{"rendered":"Nahr\u00e1vanie rel\u00e1cie &#8222;Zvony nad krajinou&#8220;"},"content":{"rendered":"<h2>Nahr\u00e1vka rel\u00e1cie R\u00e1dia REGINA STRED Zvony nad krajinou<\/h2>\n<p>Za\u010diatkom roka 2021 pri\u0161iel z R\u00e1dia Regina Stred n\u00e1vrh, aby sa o na\u0161ej obci Horn\u00e1 Mi\u010din\u00e1 nahrala cca hodinov\u00e1 rel\u00e1cia v rozhlasovom cykle Zvony nad krajinou. Tento projekt mapuje postupne obce na Slovensku a pod\u00e1va svedectvo o ich hist\u00f3rii, ale aj pr\u00edtomnosti.<\/p>\n<p>Kv\u00f4li pandemick\u00fdm opatreniam sa term\u00edn nahr\u00e1vania posunul na 13. apr\u00edla 2021, kedy pri\u0161li do obce dve redaktorky \u2013 Katar\u00edna Kova\u010dechov\u00e1 a Gabriela Tomajkov\u00e1. Zodpovednou osobou za obec, ktor\u00e1 navrhovala jednotliv\u00e9 \u010dasti rel\u00e1cie i respondentov, bola Jana Borgu\u013eov\u00e1, samozrejme so s\u00fahlasom starostu obce Ivana Len\u00e1ra, ktor\u00fd \u00fastretovo pom\u00e1hal cel\u00fd projekt realizova\u0165. V\u010faka patr\u00ed v\u0161etk\u00fdm, ktor\u00ed sa podujali na rel\u00e1cii podie\u013ea\u0165 svoj\u00edm osobn\u00fdm vyjadren\u00edm o niektorej z oblasti \u017eivota obce.<\/p>\n<p>Po spracovan\u00ed materi\u00e1lu bola rel\u00e1cia odvysielan\u00e1 v nede\u013eu 30. m\u00e1ja 2021 o 11. hodine. <a href=\"https:\/\/www.rtvs.sk\/radio\/archiv\/1709\/1574941\" target=\"_blank\" rel=\"noopener\">Zvukov\u00fd z\u00e1znam rel\u00e1cie je tu<\/a>.<\/p>\n<p>Rel\u00e1cia sa stretla nielen s priazniv\u00fdm ohlasom ob\u010danov, ale aj posluch\u00e1\u010dov z in\u00fdch regi\u00f3nov. Starosta obce listom po\u010fakoval riadite\u013eovi banskobystrick\u00e9ho \u0161t\u00fadia RTVS Miroslavovi Debn\u00e1rovi.<\/p>\n<p style=\"text-align: center;\"><style>#jtg-3443 .modula-item .jtg-social a, .lightbox-socials.jtg-social a{ fill: #ffffff; color: #ffffff }#jtg-3443 .modula-item .jtg-social-mobile a{ fill: #ffffff; color: #ffffff }#jtg-3443 .modula-item .jtg-social svg, .lightbox-socials.jtg-social svg { height: 16px; width: 16px }#jtg-3443 .modula-item .jtg-social-mobile svg { height: 16px; width: 16px }#jtg-3443 .modula-item .jtg-social a:not(:last-child), .lightbox-socials.jtg-social a:not(:last-child) { margin-right: 10px }#jtg-3443 .modula-item .jtg-social-mobile .jtg-social-mobile-icons a:not(:last-child){ margin-right: 10px }#jtg-3443 .modula-item .figc {color:#ffffff;}#jtg-3443 .modula-item .figc .jtg-title {  font-size: 16px; }#jtg-3443 .modula-item .modula-item-content { transform: scale(1) }#jtg-3443 { width:100%;}#jtg-3443 .modula-items .figc p.description { font-size:14px; }#jtg-3443 .modula-items .figc p.description { color:#ffffff;}#jtg-3443.modula-gallery .modula-item > a, #jtg-3443.modula-gallery .modula-item, #jtg-3443.modula-gallery .modula-item-content > a:not(.modula-no-follow) { cursor:magnifying-glass; } #jtg-3443.modula-gallery .modula-item-content .modula-no-follow { cursor: default; } @media screen and (max-width:480px){#jtg-3443 .modula-item .figc .jtg-title {  font-size: 12px; }#jtg-3443 .modula-items .figc p.description { color:#ffffff;font-size:10px; }}<\/style>\n<div  id=\"jtg-3443\" class=\"modula modula-gallery modula-columns\" data-config=\"{&quot;tabletHeight&quot;:800,&quot;mobileHeight&quot;:800,&quot;desktopHeight&quot;:800,&quot;enableTwitter&quot;:false,&quot;enableWhatsapp&quot;:false,&quot;enableFacebook&quot;:false,&quot;enablePinterest&quot;:false,&quot;enableLinkedin&quot;:false,&quot;enableEmail&quot;:false,&quot;randomFactor&quot;:0.5,&quot;type&quot;:&quot;grid&quot;,&quot;columns&quot;:12,&quot;gutter&quot;:10,&quot;mobileGutter&quot;:10,&quot;tabletGutter&quot;:10,&quot;desktopGutter&quot;:10,&quot;enableResponsive&quot;:0,&quot;tabletColumns&quot;:2,&quot;mobileColumns&quot;:1,&quot;lazyLoad&quot;:1,&quot;lightboxOpts&quot;:{&quot;animated&quot;:true,&quot;Thumbs&quot;:{&quot;type&quot;:&quot;modern&quot;,&quot;showOnStart&quot;:false},&quot;Toolbar&quot;:{&quot;display&quot;:{&quot;right&quot;:[&quot;close&quot;]},&quot;enabled&quot;:true},&quot;Carousel&quot;:{&quot;Panzoom&quot;:{&quot;touch&quot;:false},&quot;infinite&quot;:false},&quot;keyboard&quot;:{&quot;Escape&quot;:&quot;close&quot;,&quot;Delete&quot;:&quot;close&quot;,&quot;Backspace&quot;:&quot;close&quot;,&quot;PageUp&quot;:false,&quot;PageDown&quot;:false,&quot;ArrowUp&quot;:false,&quot;ArrowDown&quot;:false,&quot;ArrowRight&quot;:false,&quot;ArrowLeft&quot;:false},&quot;touch&quot;:false,&quot;backdropClick&quot;:false,&quot;l10n&quot;:{&quot;CLOSE&quot;:&quot;Close&quot;,&quot;NEXT&quot;:&quot;Next&quot;,&quot;PREV&quot;:&quot;Previous&quot;,&quot;Error&quot;:&quot;The requested content cannot be loaded. Please try again later.&quot;,&quot;PLAY_START&quot;:&quot;Start slideshow&quot;,&quot;PLAY_STOP&quot;:&quot;Pause slideshow&quot;,&quot;FULL_SCREEN&quot;:&quot;Full screen&quot;,&quot;THUMBS&quot;:&quot;Thumbnails&quot;,&quot;DOWNLOAD&quot;:&quot;Download&quot;,&quot;SHARE&quot;:&quot;Share&quot;,&quot;ZOOM&quot;:&quot;Zoom&quot;,&quot;EMAIL&quot;:&quot;Here is the link to the image : %%image_link%% and this is the link to the gallery : %%gallery_link%%&quot;,&quot;MODAL&quot;:&quot;You can close this modal content with the ESC key&quot;,&quot;ERROR&quot;:&quot;Something Went Wrong, Please Try Again Later&quot;,&quot;IMAGE_ERROR&quot;:&quot;Image Not Found&quot;,&quot;ELEMENT_NOT_FOUND&quot;:&quot;HTML Element Not Found&quot;,&quot;AJAX_NOT_FOUND&quot;:&quot;Error Loading AJAX : Not Found&quot;,&quot;AJAX_FORBIDDEN&quot;:&quot;Error Loading AJAX : Forbidden&quot;,&quot;IFRAME_ERROR&quot;:&quot;Error Loading Page&quot;,&quot;TOGGLE_ZOOM&quot;:&quot;Toggle zoom level&quot;,&quot;TOGGLE_THUMBS&quot;:&quot;Toggle thumbnails&quot;,&quot;TOGGLE_SLIDESHOW&quot;:&quot;Toggle slideshow&quot;,&quot;TOGGLE_FULLSCREEN&quot;:&quot;Toggle full-screen mode&quot;},&quot;Images&quot;:{&quot;Panzoom&quot;:{&quot;maxScale&quot;:2}},&quot;mainClass&quot;:&quot;modula-fancybox-container modula-lightbox-jtg-3443&quot;,&quot;Html&quot;:{&quot;videoAutoplay&quot;:0,&quot;videoTpl&quot;:&quot;&lt;video class=\\&quot;fancybox__html5video\\&quot; controls muted playsinline controlsList controlsList=\\&quot;nodownload\\&quot; poster=\\&quot;{{poster}}\\&quot; src=\\&quot;{{src}}\\&quot; type=\\&quot;{{format}}\\&quot; &gt;  Sorry, your browser doesn&#039;t support embedded videos, &lt;a href=\\&quot;{{src}}\\&quot;&gt; download &lt;\\\/a&gt; and watch with your favorite video player! &lt;\\\/video&gt;&quot;}},&quot;inView&quot;:false,&quot;email_subject&quot;:&quot;Check out this awesome image !!&quot;,&quot;email_message&quot;:&quot;Here is the link to the image : %%image_link%% and this is the link to the gallery : %%gallery_link%%&quot;,&quot;grid_type&quot;:&quot;automatic&quot;,&quot;rowHeight&quot;:500,&quot;lastRow&quot;:&quot;justify&quot;,&quot;lightbox&quot;:&quot;fancybox&quot;}\">\n\n\t\n\t<div  class=\"modula-items grid-gallery\">\n\t\t<div class=\"modula-item effect-pufrobo\" >\n\t<div class=\"modula-item-overlay\"><\/div>\n\n\t<div class=\"modula-item-content\">\n\n\t\t\t\t\n\t\t\t\t\t<a data-image-id=\"2594\" tabindex=\"0\" rel=\"jtg-3443\" data-caption=\"\" aria-label=\"Open image in lightbox\" role=\"button\" class=\"tile-inner modula-item-link\"><\/a>\n\t\t\n\t\t<img loading=\"lazy\" decoding=\"async\" class=\"pic wp-image-2594 lazyloaded\"  data-valign=\"middle\" data-halign=\"center\" alt=\"\" data-full=\"https:\/\/www.hornamicina.eu\/web\/wp-content\/uploads\/2021\/08\/IMG_20210513_172450-min.jpg\" title=\"IMG_20210513_172450-min\" width=\"768\" height=\"1092\" src=\"https:\/\/i0.wp.com\/www.hornamicina.eu\/web\/wp-content\/uploads\/2021\/08\/IMG_20210513_172450-min-scaled.jpg?fit=768%2C1092&amp;ssl=1\" data-src=\"https:\/\/i0.wp.com\/www.hornamicina.eu\/web\/wp-content\/uploads\/2021\/08\/IMG_20210513_172450-min-scaled.jpg?fit=768%2C1092&amp;ssl=1\" data-caption=\"\" srcset=\"https:\/\/i0.wp.com\/www.hornamicina.eu\/web\/wp-content\/uploads\/2021\/08\/IMG_20210513_172450-min-scaled.jpg?w=1800&amp;ssl=1 1800w, https:\/\/i0.wp.com\/www.hornamicina.eu\/web\/wp-content\/uploads\/2021\/08\/IMG_20210513_172450-min-scaled.jpg?resize=211%2C300&amp;ssl=1 211w, https:\/\/i0.wp.com\/www.hornamicina.eu\/web\/wp-content\/uploads\/2021\/08\/IMG_20210513_172450-min-scaled.jpg?resize=720%2C1024&amp;ssl=1 720w, https:\/\/i0.wp.com\/www.hornamicina.eu\/web\/wp-content\/uploads\/2021\/08\/IMG_20210513_172450-min-scaled.jpg?resize=768%2C1092&amp;ssl=1 768w, https:\/\/i0.wp.com\/www.hornamicina.eu\/web\/wp-content\/uploads\/2021\/08\/IMG_20210513_172450-min-scaled.jpg?resize=1080%2C1536&amp;ssl=1 1080w, https:\/\/i0.wp.com\/www.hornamicina.eu\/web\/wp-content\/uploads\/2021\/08\/IMG_20210513_172450-min-scaled.jpg?resize=1440%2C2048&amp;ssl=1 1440w, https:\/\/i0.wp.com\/www.hornamicina.eu\/web\/wp-content\/uploads\/2021\/08\/IMG_20210513_172450-min-scaled.jpg?resize=1320%2C1877&amp;ssl=1 1320w, https:\/\/i0.wp.com\/www.hornamicina.eu\/web\/wp-content\/uploads\/2021\/08\/IMG_20210513_172450-min-scaled.jpg?w=1540&amp;ssl=1 1540w\" sizes=\"auto, (max-width: 768px) 100vw, 768px\" \/>\n\t\t<div class=\"figc no-description\">\n\t\t\t<div class=\"figc-inner\">\n\t\t\t\t\t\t\t\t\t<div class='jtg-title'>IMG_20210513_172450-min<\/div>\n\t\t\t\t\t\t\t\t\t\t\t\t\t\t\t<\/div>\n\t\t<\/div>\n\n\t<\/div>\n\n<\/div><div class=\"modula-item effect-pufrobo\" >\n\t<div class=\"modula-item-overlay\"><\/div>\n\n\t<div class=\"modula-item-content\">\n\n\t\t\t\t\n\t\t\t\t\t<a data-image-id=\"2595\" tabindex=\"0\" rel=\"jtg-3443\" data-caption=\"\" aria-label=\"Open image in lightbox\" role=\"button\" class=\"tile-inner modula-item-link\"><\/a>\n\t\t\n\t\t<img loading=\"lazy\" decoding=\"async\" class=\"pic wp-image-2595 lazyloaded\"  data-valign=\"middle\" data-halign=\"center\" alt=\"\" data-full=\"https:\/\/www.hornamicina.eu\/web\/wp-content\/uploads\/2021\/08\/IMG_20210721_182111-min.jpg\" title=\"IMG_20210721_182111-min\" width=\"768\" height=\"1064\" src=\"https:\/\/i0.wp.com\/www.hornamicina.eu\/web\/wp-content\/uploads\/2021\/08\/IMG_20210721_182111-min.jpg?fit=768%2C1064&amp;ssl=1\" data-src=\"https:\/\/i0.wp.com\/www.hornamicina.eu\/web\/wp-content\/uploads\/2021\/08\/IMG_20210721_182111-min.jpg?fit=768%2C1064&amp;ssl=1\" data-caption=\"\" srcset=\"https:\/\/i0.wp.com\/www.hornamicina.eu\/web\/wp-content\/uploads\/2021\/08\/IMG_20210721_182111-min.jpg?w=1779&amp;ssl=1 1779w, https:\/\/i0.wp.com\/www.hornamicina.eu\/web\/wp-content\/uploads\/2021\/08\/IMG_20210721_182111-min.jpg?resize=217%2C300&amp;ssl=1 217w, https:\/\/i0.wp.com\/www.hornamicina.eu\/web\/wp-content\/uploads\/2021\/08\/IMG_20210721_182111-min.jpg?resize=739%2C1024&amp;ssl=1 739w, https:\/\/i0.wp.com\/www.hornamicina.eu\/web\/wp-content\/uploads\/2021\/08\/IMG_20210721_182111-min.jpg?resize=768%2C1064&amp;ssl=1 768w, https:\/\/i0.wp.com\/www.hornamicina.eu\/web\/wp-content\/uploads\/2021\/08\/IMG_20210721_182111-min.jpg?resize=1109%2C1536&amp;ssl=1 1109w, https:\/\/i0.wp.com\/www.hornamicina.eu\/web\/wp-content\/uploads\/2021\/08\/IMG_20210721_182111-min.jpg?resize=1478%2C2048&amp;ssl=1 1478w, https:\/\/i0.wp.com\/www.hornamicina.eu\/web\/wp-content\/uploads\/2021\/08\/IMG_20210721_182111-min.jpg?resize=720%2C998&amp;ssl=1 720w, https:\/\/i0.wp.com\/www.hornamicina.eu\/web\/wp-content\/uploads\/2021\/08\/IMG_20210721_182111-min.jpg?resize=1320%2C1829&amp;ssl=1 1320w, https:\/\/i0.wp.com\/www.hornamicina.eu\/web\/wp-content\/uploads\/2021\/08\/IMG_20210721_182111-min.jpg?w=1540&amp;ssl=1 1540w\" sizes=\"auto, (max-width: 768px) 100vw, 768px\" \/>\n\t\t<div class=\"figc no-description\">\n\t\t\t<div class=\"figc-inner\">\n\t\t\t\t\t\t\t\t\t<div class='jtg-title'>IMG_20210721_182111-min<\/div>\n\t\t\t\t\t\t\t\t\t\t\t\t\t\t\t<\/div>\n\t\t<\/div>\n\n\t<\/div>\n\n<\/div>\t\t\n\t<\/div>\n\n\t\n\t\n\t<script type=\"application\/ld+json\">\n\t{\n\t\t\"@context\": \"http:\/\/schema.org\",\n\t\t\"@type\"   : \"ImageGallery\",\n\t\t\"id\"      : \"https:\/\/www.hornamicina.eu\/web\/relacia-zvony-nad-krajinou\/\",\n\t\t\"url\"     : \"https:\/\/www.hornamicina.eu\/web\/relacia-zvony-nad-krajinou\/\"\n\t}\n\n\t<\/script>\n\n\t\n<\/div><\/p>\n","protected":false},"excerpt":{"rendered":"Nahr\u00e1vka rel\u00e1cie R\u00e1dia REGINA STRED Zvony nad krajinou Za\u010diatkom roka 2021 pri\u0161iel z [&hellip;]","protected":false},"author":1,"featured_media":0,"parent":0,"menu_order":0,"comment_status":"closed","ping_status":"closed","template":"","meta":{"advanced_seo_description":"","jetpack_seo_html_title":"","jetpack_seo_noindex":false,"footnotes":""},"class_list":["post-2596","page","type-page","status-publish","hentry"],"jetpack_sharing_enabled":true,"jetpack_shortlink":"https:\/\/wp.me\/P8RsFw-FS","jetpack-related-posts":[{"id":4929,"url":"https:\/\/www.hornamicina.eu\/web\/zasady-hospodarenia-s-majetkom-obce-horna-micina\/","url_meta":{"origin":2596,"position":0},"title":"Z\u00e1sady hospod\u00e1renia s majetkom Obce Horn\u00e1 Mi\u010din\u00e1","author":"admin","date":"25. septembra 2024","format":false,"excerpt":"Z\u00e1sady hospod\u00e1renia s majetkom Obce Horn\u00e1 Mi\u010din\u00e1 \u00a0 Obecn\u00e9 zastupite\u013estvo v\u00a0Hornej Mi\u010dinej na z\u00e1klade ustanovenia\u00a0\u00a7 11 ods. 4 p\u00edsm. a) z\u00e1kona \u010d. 369\/1990 Zb.\u00a0o obecnom zriaden\u00ed a\u00a0\u00a7 9 ods. 1 z\u00e1kona \u010d. 138\/1991 Zb.\u00a0o majetku obc\u00ed ur\u010duje tieto z\u00e1sady hospod\u00e1renia a nakladania s majetkom obce Horn\u00e1 Mi\u010din\u00e1 (v texte \u010falej\u2026","rel":"","context":"Podobn\u00fd pr\u00edspevok","block_context":{"text":"Podobn\u00fd pr\u00edspevok","link":""},"img":{"alt_text":"HornaMicinaLetecky","src":"https:\/\/i0.wp.com\/www.hornamicina.eu\/web\/wp-content\/uploads\/2017\/06\/4501.jpg?fit=1200%2C800&ssl=1&resize=350%2C200","width":350,"height":200,"srcset":"https:\/\/i0.wp.com\/www.hornamicina.eu\/web\/wp-content\/uploads\/2017\/06\/4501.jpg?fit=1200%2C800&ssl=1&resize=350%2C200 1x, https:\/\/i0.wp.com\/www.hornamicina.eu\/web\/wp-content\/uploads\/2017\/06\/4501.jpg?fit=1200%2C800&ssl=1&resize=525%2C300 1.5x, https:\/\/i0.wp.com\/www.hornamicina.eu\/web\/wp-content\/uploads\/2017\/06\/4501.jpg?fit=1200%2C800&ssl=1&resize=700%2C400 2x, https:\/\/i0.wp.com\/www.hornamicina.eu\/web\/wp-content\/uploads\/2017\/06\/4501.jpg?fit=1200%2C800&ssl=1&resize=1050%2C600 3x"},"classes":[]},{"id":5061,"url":"https:\/\/www.hornamicina.eu\/web\/cennik-sluzieb\/","url_meta":{"origin":2596,"position":1},"title":"Cenn\u00edk slu\u017eieb","author":"admin","date":"15. janu\u00e1ra 2025","format":false,"excerpt":"Cenn\u00edk slu\u017eieb obce Horn\u00e1 Mi\u010din\u00e1 platn\u00fd od 1.janu\u00e1ra 2025 schv\u00e1len\u00fd obecn\u00fdm zastupite\u013estvom obce Horn\u00e1 Mi\u010din\u00e1 uznesen\u00edm \u010d.55\/2024 Kult\u00farna miestnos\u0165( s\u00e1la) bez kuchyne Kary, rodinn\u00e9 oslavy, posedenia, v\u00fdro\u010dia... do 4h 10,00 EUR\/hod Kary, rodinn\u00e9 oslavy, posedenia, v\u00fdro\u010dia... nad 4h 60,00 EUR\/hod Kult\u00farna miestnos\u0165 (s\u00e1la) s\u00a0poskytnut\u00edm kuchyne Na rozlo\u017eenie stravy + 40,00\u2026","rel":"","context":"Podobn\u00fd pr\u00edspevok","block_context":{"text":"Podobn\u00fd pr\u00edspevok","link":""},"img":{"alt_text":"","src":"","width":0,"height":0},"classes":[]},{"id":61,"url":"https:\/\/www.hornamicina.eu\/web\/historia-obce\/","url_meta":{"origin":2596,"position":2},"title":"Hist\u00f3ria obce","author":"admin","date":"21. j\u00fana 2017","format":false,"excerpt":"Obec Horn\u00e1 Mi\u010din\u00e1 le\u017e\u00ed v z\u00e1padnej \u010dasti Slovensk\u00e9ho Rudohoria. M\u00e1 pahorkatinov\u00fd a\u017e vrchovinov\u00fd r\u00e1z, patr\u00ed k Bystrickej vrchovine, ktor\u00e1 tvor\u00ed najv\u00e4\u010d\u0161iu \u010das\u0165 Zvolenskej kotliny. Na kopci Kozlinec sa nach\u00e1dza chr\u00e1nen\u00e9 n\u00e1lezisko duba plstnat\u00e9ho o v\u00fdmere 25,62 ha a bolo zap\u00edsan\u00e9 medzi chr\u00e1nen\u00e9 oblasti v roku 1967. Chot\u00e1r m\u00e1 rozlohu 1571\u2026","rel":"","context":"Podobn\u00fd pr\u00edspevok","block_context":{"text":"Podobn\u00fd pr\u00edspevok","link":""},"img":{"alt_text":"horna micina logo erb","src":"https:\/\/i0.wp.com\/www.hornamicina.eu\/web\/wp-content\/uploads\/2017\/06\/cropped-logo-1.png?resize=350%2C200","width":350,"height":200},"classes":[]},{"id":3847,"url":"https:\/\/www.hornamicina.eu\/web\/730-vyrocie-obce-horna-micina\/","url_meta":{"origin":2596,"position":3},"title":"730. v\u00fdro\u010die obce Horn\u00e1 Mi\u010din\u00e1","author":"admin","date":"18. augusta 2023","format":false,"excerpt":"Horn\u00e1 Mi\u010din\u00e1 v minulosti a s\u00fa\u010dasnosti k 730. v\u00fdro\u010diu prvej p\u00edsomnej zmienky N\u00e1zvy:\u00a0Terra Mike, Terra comitis Mike, Lehatha, Mikelyhota, Mikefalva, Micafalw, Miczinaves, Mitchina. \u00a0 Pr\u00edrodn\u00e9 pomery Obec Horn\u00e1 Mi\u010din\u00e1 je situovan\u00e1 6 km na juh od okresn\u00e9ho mesta Bansk\u00e1 Bystrica. Nach\u00e1dza sa v\u00a0z\u00e1padnej \u010dasti Slovensk\u00e9ho Rudohoria vo Zvolenskej kotline, v\u00a0doline\u2026","rel":"","context":"Podobn\u00fd pr\u00edspevok","block_context":{"text":"Podobn\u00fd pr\u00edspevok","link":""},"img":{"alt_text":"","src":"https:\/\/i0.wp.com\/www.hornamicina.eu\/web\/wp-content\/uploads\/2023\/08\/Horna-Micina-pred-sto-rokmi-min-e1692372759477.jpg?fit=791%2C412&ssl=1&resize=350%2C200","width":350,"height":200,"srcset":"https:\/\/i0.wp.com\/www.hornamicina.eu\/web\/wp-content\/uploads\/2023\/08\/Horna-Micina-pred-sto-rokmi-min-e1692372759477.jpg?fit=791%2C412&ssl=1&resize=350%2C200 1x, https:\/\/i0.wp.com\/www.hornamicina.eu\/web\/wp-content\/uploads\/2023\/08\/Horna-Micina-pred-sto-rokmi-min-e1692372759477.jpg?fit=791%2C412&ssl=1&resize=525%2C300 1.5x, https:\/\/i0.wp.com\/www.hornamicina.eu\/web\/wp-content\/uploads\/2023\/08\/Horna-Micina-pred-sto-rokmi-min-e1692372759477.jpg?fit=791%2C412&ssl=1&resize=700%2C400 2x"},"classes":[]},{"id":497,"url":"https:\/\/www.hornamicina.eu\/web\/denne-centrum\/","url_meta":{"origin":2596,"position":4},"title":"Denn\u00e9 centrum obce","author":"admin","date":"18. okt\u00f3bra 2017","format":false,"excerpt":"Denn\u00e9 centrum obce Horn\u00e1 Mi\u010din\u00e1 Horn\u00e1 Mi\u010din\u00e1 79, 97401 \u00a0Horn\u00e1 Mi\u010din\u00e1 \u00a0 Otv\u00e1racie hodinyPondelok14:00 \u2013 20:00Utorok14:00 \u2013 20:00Streda14:00 \u2013 20:00\u0160tvrtok14:00 \u2013 20:00Piatok14:00 \u2013 20:00 \u00a0\u00a0Pozn\u00e1mka: zmena programu vyhraden\u00e1!\u00a0\u00a0Ak nie je ur\u010den\u00e9 inak \u2013 podujatia sa za\u010d\u00ednaj\u00fa o 14. hodine!\u00a0\u00a0O jednotliv\u00fdch podujatiach sa v predstihu dozviete na osobitn\u00fdch pozv\u00e1nkach na obecn\u00fdch\u00a0tabuliach\u2026","rel":"","context":"Podobn\u00fd pr\u00edspevok","block_context":{"text":"Podobn\u00fd pr\u00edspevok","link":""},"img":{"alt_text":"Denne centrum","src":"https:\/\/i0.wp.com\/www.hornamicina.eu\/web\/wp-content\/uploads\/2017\/10\/dennecentrum-1024x768.jpg?resize=350%2C200&ssl=1","width":350,"height":200,"srcset":"https:\/\/i0.wp.com\/www.hornamicina.eu\/web\/wp-content\/uploads\/2017\/10\/dennecentrum-1024x768.jpg?resize=350%2C200&ssl=1 1x, https:\/\/i0.wp.com\/www.hornamicina.eu\/web\/wp-content\/uploads\/2017\/10\/dennecentrum-1024x768.jpg?resize=525%2C300&ssl=1 1.5x, https:\/\/i0.wp.com\/www.hornamicina.eu\/web\/wp-content\/uploads\/2017\/10\/dennecentrum-1024x768.jpg?resize=700%2C400&ssl=1 2x"},"classes":[]},{"id":3024,"url":"https:\/\/www.hornamicina.eu\/web\/spomienka-pri-prilezitosti-77-vyrocia-oslobodenia-obce\/","url_meta":{"origin":2596,"position":5},"title":"Spomienka pri pr\u00edle\u017eitosti 77. v\u00fdro\u010dia oslobodenia obce","author":"admin","date":"7. apr\u00edla 2022","format":false,"excerpt":"Spomienka pri pr\u00edle\u017eitosti 77. v\u00fdro\u010dia oslobodenia obce Obyvatelia Hornej Mi\u010dinej v zast\u00fapen\u00ed \u010dlenov ZO Slovensk\u00e9ho zv\u00e4zu protifa\u0161istick\u00fdch bojovn\u00edkov si 23. marca 2022 uctili obete bojov pri osloboden\u00ed obce pred 77. rokmi. Pri pam\u00e4tnej tabuli na budove obecn\u00e9ho \u00faradu zap\u00e1lili sviece a n\u00e1sledne v priestoroch centra seniorov sa obozn\u00e1mili so stanoviskom\u2026","rel":"","context":"Podobn\u00fd pr\u00edspevok","block_context":{"text":"Podobn\u00fd pr\u00edspevok","link":""},"img":{"alt_text":"","src":"","width":0,"height":0},"classes":[]}],"jetpack_likes_enabled":true,"_links":{"self":[{"href":"https:\/\/www.hornamicina.eu\/web\/wp-json\/wp\/v2\/pages\/2596","targetHints":{"allow":["GET"]}}],"collection":[{"href":"https:\/\/www.hornamicina.eu\/web\/wp-json\/wp\/v2\/pages"}],"about":[{"href":"https:\/\/www.hornamicina.eu\/web\/wp-json\/wp\/v2\/types\/page"}],"author":[{"embeddable":true,"href":"https:\/\/www.hornamicina.eu\/web\/wp-json\/wp\/v2\/users\/1"}],"replies":[{"embeddable":true,"href":"https:\/\/www.hornamicina.eu\/web\/wp-json\/wp\/v2\/comments?post=2596"}],"version-history":[{"count":0,"href":"https:\/\/www.hornamicina.eu\/web\/wp-json\/wp\/v2\/pages\/2596\/revisions"}],"wp:attachment":[{"href":"https:\/\/www.hornamicina.eu\/web\/wp-json\/wp\/v2\/media?parent=2596"}],"curies":[{"name":"wp","href":"https:\/\/api.w.org\/{rel}","templated":true}]}}