{"id":135,"date":"2017-06-21T23:45:07","date_gmt":"2017-06-21T21:45:07","guid":{"rendered":"http:\/\/www.hornamicina.eu\/web\/?page_id=135"},"modified":"2025-01-15T14:25:52","modified_gmt":"2025-01-15T13:25:52","slug":"kontakt","status":"publish","type":"page","link":"https:\/\/www.hornamicina.eu\/web\/kontakt\/","title":{"rendered":"Kontakt"},"content":{"rendered":"<div class=\"mp-row-fluid motopress-row mpce-dsbl-margin-left mpce-dsbl-margin-right\">\n<div class=\"motopress-clmn mp-span12  mpce-dsbl-margin-left mpce-dsbl-margin-right\">\n<div class=\"motopress-text-obj\">\n<h2 style=\"text-align: center;\"><strong>Obecn\u00fd \u00farad Horn\u00e1 Mi\u010din\u00e1<\/strong><\/h2>\n<p>&nbsp;<\/p>\n<\/div>\n<\/div>\n<\/div>\n<div class=\"mp-row-fluid motopress-row mpce-dsbl-margin-left mpce-dsbl-margin-right\">\n<div class=\"motopress-clmn mp-span12  mpce-dsbl-margin-left mpce-dsbl-margin-right\">\n<div class=\"mp-row-fluid motopress-row mpce-dsbl-margin-left mpce-dsbl-margin-right\">\n<div class=\"motopress-clmn mp-span5 mpce-dsbl-margin-left mpce-dsbl-margin-right\">\n<div class=\"motopress-text-obj\">\n<address><strong>Adresa:<\/strong> Horn\u00e1 Mi\u010din\u00e1 79, 974 01 \u00a0Bansk\u00e1 Bystrica<\/address>\n<address>Tel.:\u00a0+421 48 418 09 23, e-mail: <a href=\"mailto:hornamicina@gmail.com\">hornamicina@gmail.com<\/a><\/address>\n<address><strong>Starosta obce:<a href=\"mailto:starosta@hornamicina.eu\"> Ivan Len\u00e1r<\/a><\/strong><br \/>\ntel.: +421 907 087 151<\/address>\n<address><strong>Referent:<a href=\"mailto:info@hornamicina.eu\"> Petra Palu\u0161ov\u00e1<\/a><\/strong><br \/>\ntel.:\u00a0+421 907 087 152<\/address>\n<address><strong>Zamestnanec obce:<\/strong> Mgr. Bronislava Patko\u0161ov\u00e1<br \/>\ntel.: +421 940 987 153<\/address>\n<address><strong>Hlavn\u00fd kontrol\u00f3r obce: <\/strong>Ing. Ivan Petr\u00edk, PhD.<\/address>\n<\/div>\n<\/div>\n<div class=\"motopress-clmn mp-span2 mpce-dsbl-margin-left mpce-dsbl-margin-right\">\n<div class=\"motopress-image-obj motopress-text-align-center\"><img decoding=\"async\" src=\"https:\/\/i0.wp.com\/www.hornamicina.eu\/web\/wp-content\/uploads\/2017\/06\/cropped-logo-1.png?resize=150%2C150&ssl=1\" title=\"Horna Micina Logo\" alt=\"horna micina logo erb\" class=\"motopress-image-obj-basic mpce-dsbl-margin-left mpce-dsbl-margin-right mpce-dsbl-margin-top mpce-dsbl-margin-bottom\" \/><\/div>\n<\/div>\n<div class=\"motopress-clmn mp-span5 mpce-dsbl-margin-left mpce-dsbl-margin-right\">\n<div class=\"motopress-text-obj\">\n<p>I\u010cO: <strong>00313459<\/strong><\/p>\n<p>DI\u010c: <strong>2021115833<\/strong><\/p>\n<p>Banka:<strong> Prima Banka, a.s.<\/strong><\/p>\n<p>Bankov\u00e9 spojenie:<strong>\u00a098 5600 0000 0012 5532 1011<\/strong><\/p>\n<p>Webmaster: info@hornamicina.eu<\/p>\n<\/div>\n<\/div>\n<\/div>\n<div class=\"mp-row-fluid motopress-row mpce-dsbl-margin-left mpce-dsbl-margin-right\">\n<div class=\"motopress-clmn mp-span12 mpce-dsbl-margin-left mpce-dsbl-margin-right\">\n<div class=\"motopress-table-obj\"><table class=\"motopress-table mp-theme-table-brand motopress-table-first-col-left mpce-dsbl-padding-left mpce-dsbl-padding-right mpce-dsbl-margin-top mpce-dsbl-margin-bottom\"><thead><tr><th>Str\u00e1nkov\u00e9 hodiny \u00faradu<\/th><th><\/th><th><\/th><\/tr><\/thead><tbody><tr><td>Pondelok<\/td><td>8:00 \u2013 12:00<\/td><td>13:00 \u2013 15:00<\/td><\/tr><tr class=\"odd-row\"><td>Utorok<\/td><td>nestr\u00e1nkov\u00fd de\u0148<\/td><td><\/td><\/tr><tr><td>Streda<\/td><td>8:00 \u2013 12:00<\/td><td>13:00 \u2013 16:00<\/td><\/tr><tr class=\"odd-row\"><td>\u0160tvrtok<\/td><td>8:00 \u2013 12:00<\/td><td>13:00 \u2013 15:00<\/td><\/tr><tr><td>Piatok<\/td><td>8:00 \u2013 12:00<\/td><td>13:00 \u2013 14:00<\/td><\/tr><\/tbody><\/table><\/div>\n<\/div>\n<\/div>\n<div class=\"mp-row-fluid motopress-row mpce-dsbl-margin-left mpce-dsbl-margin-right\">\n<div class=\"motopress-clmn mp-span12 mpce-dsbl-margin-left mpce-dsbl-margin-right\">\n<div class=\"motopress-text-obj\">\n<\/div>\n<\/div>\n<\/div>\n<\/div>\n<\/div>\n<div class=\"mp-row-fluid motopress-row mpce-dsbl-margin-left mpce-dsbl-margin-right\">\n<div class=\"motopress-clmn mp-span12  mpce-dsbl-margin-left mpce-dsbl-margin-right\">\n<p style=\"text-align: center;\"><strong>V \u010dase od 12:00 do 13:00 -obed\u0148aj\u0161ia prest\u00e1vka, po\u0161ta<\/strong><\/p>\n<p>&nbsp;<\/p>\n<div class=\"caldera-grid\" id=\"caldera_form_1\" data-cf-ver=\"1.9.7\" data-cf-form-id=\"CF594cd5eedb95f\"><div id=\"caldera_notices_1\" data-spinner=\"https:\/\/www.hornamicina.eu\/web\/wp-admin\/images\/spinner.gif\"><\/div><form data-instance=\"1\" class=\"CF594cd5eedb95f caldera_forms_form cfajax-trigger\" method=\"POST\" enctype=\"multipart\/form-data\" id=\"CF594cd5eedb95f_1\" data-form-id=\"CF594cd5eedb95f\" aria-label=\"Kontaktn&yacute; formul&aacute;r\" data-target=\"#caldera_notices_1\" data-template=\"#cfajax_CF594cd5eedb95f-tmpl\" data-cfajax=\"CF594cd5eedb95f\" data-load-element=\"_parent\" data-load-class=\"cf_processing\" data-post-disable=\"0\" data-action=\"cf_process_ajax_submit\" data-request=\"https:\/\/www.hornamicina.eu\/web\/cf-api\/CF594cd5eedb95f\" data-hiderows=\"true\">\r\n<input type=\"hidden\" id=\"_cf_verify_CF594cd5eedb95f\" name=\"_cf_verify\" value=\"2ab7a0647e\"  data-nonce-time=\"1776686094\" \/><input type=\"hidden\" name=\"_wp_http_referer\" value=\"\/web\/wp-json\/wp\/v2\/pages\/135\" \/><div id=\"cf2-CF594cd5eedb95f_1\"><\/div><input type=\"hidden\" name=\"_cf_frm_id\" value=\"CF594cd5eedb95f\">\r\n<input type=\"hidden\" name=\"_cf_frm_ct\" value=\"1\">\r\n<input type=\"hidden\" name=\"cfajax\" value=\"CF594cd5eedb95f\">\r\n<input type=\"hidden\" name=\"_cf_cr_pst\" value=\"135\">\r\n<div class=\"hide\" style=\"display:none; overflow:hidden;height:0;width:0;\">\r\n<label>Phone<\/label><input type=\"text\" name=\"phone\" value=\"\" autocomplete=\"off\">\r\n<\/div><div id=\"CF594cd5eedb95f_1-row-1\"  class=\"row  first_row\"><div  class=\"col-sm-12  single\"><div class=\"\"><h2>Kontaktujte n\u00e1s<\/h2>\n<p>Dajte n\u00e1m vedie\u0165, ako sa s Vami m\u00f4\u017eme kontaktova\u0165<\/p>\n<hr>\n<\/div><\/div><\/div><div id=\"CF594cd5eedb95f_1-row-2\"  class=\"row \"><div  class=\"col-sm-4  first_col\"><div data-field-wrapper=\"fld_8768091\" class=\"form-group\" id=\"fld_8768091_1-wrap\">\r\n\t<label id=\"fld_8768091Label\" for=\"fld_8768091_1\" class=\"control-label\">Meno <span aria-hidden=\"true\" role=\"presentation\" class=\"field_required\" style=\"color:#ee0000;\">*<\/span><\/label>\r\n\t<div class=\"\">\r\n\t\t<input   required type=\"text\" data-field=\"fld_8768091\" class=\" form-control\" id=\"fld_8768091_1\" name=\"fld_8768091\" value=\"\" data-type=\"text\" aria-required=\"true\"   aria-labelledby=\"fld_8768091Label\" >\t\t\t<\/div>\r\n<\/div>\r\n<\/div><div  class=\"col-sm-4 \"><div data-field-wrapper=\"fld_9970286\" class=\"form-group\" id=\"fld_9970286_1-wrap\">\r\n\t<label id=\"fld_9970286Label\" for=\"fld_9970286_1\" class=\"control-label\">Priezvisko <span aria-hidden=\"true\" role=\"presentation\" class=\"field_required\" style=\"color:#ee0000;\">*<\/span><\/label>\r\n\t<div class=\"\">\r\n\t\t<input   required type=\"text\" data-field=\"fld_9970286\" class=\" form-control\" id=\"fld_9970286_1\" name=\"fld_9970286\" value=\"\" data-type=\"text\" aria-required=\"true\"   aria-labelledby=\"fld_9970286Label\" >\t\t\t<\/div>\r\n<\/div>\r\n<\/div><div  class=\"col-sm-4  last_col\"><div data-field-wrapper=\"fld_6009157\" class=\"form-group\" id=\"fld_6009157_1-wrap\">\r\n\t<label id=\"fld_6009157Label\" for=\"fld_6009157_1\" class=\"control-label\">Email <span aria-hidden=\"true\" role=\"presentation\" class=\"field_required\" style=\"color:#ee0000;\">*<\/span><\/label>\r\n\t<div class=\"\">\r\n\t\t<input   required type=\"email\" data-field=\"fld_6009157\" class=\" form-control\" id=\"fld_6009157_1\" name=\"fld_6009157\" value=\"\" data-type=\"email\" aria-required=\"true\"   aria-labelledby=\"fld_6009157Label\" >\t\t\t<\/div>\r\n<\/div>\r\n<\/div><\/div><div id=\"CF594cd5eedb95f_1-row-3\"  class=\"row \"><div  class=\"col-sm-12  single\"><div data-field-wrapper=\"fld_7683514\" class=\"form-group\" id=\"fld_7683514_1-wrap\">\r\n\t<label id=\"fld_7683514Label\" for=\"fld_7683514_1\" class=\"control-label\">Ot\u00e1zka \/ Koment\u00e1r <span aria-hidden=\"true\" role=\"presentation\" class=\"field_required\" style=\"color:#ee0000;\">*<\/span><\/label>\r\n\t<div class=\"\">\r\n\t\t<textarea name=\"fld_7683514\" value=\"\" data-field=\"fld_7683514\" class=\"form-control\" id=\"fld_7683514_1\" rows=\"7\"  required=\"required\"  aria-labelledby=\"fld_7683514Label\" ><\/textarea>\n\t\t\t<\/div>\r\n<\/div>\r\n<\/div><\/div><div id=\"CF594cd5eedb95f_1-row-4\"  class=\"row  last_row\"><div  class=\"col-sm-12  single\"><div data-field-wrapper=\"fld_7908577\" class=\"form-group\" id=\"fld_7908577_1-wrap\">\r\n<div class=\"\">\r\n\t<input  class=\"btn btn-default\" type=\"submit\" name=\"fld_7908577\" id=\"fld_7908577_1\" value=\"Odosla\u0165\" data-field=\"fld_7908577\"  >\n<\/div>\r\n<\/div>\r\n\t<input class=\"button_trigger_1\" type=\"hidden\" name=\"fld_7908577\" id=\"fld_7908577_1_btn\" value=\"\" data-field=\"fld_7908577\"  \/>\n<\/div><\/div><\/form>\r\n<\/div>\r\n\n<\/div>\n<\/div>\n","protected":false},"excerpt":{"rendered":"Obecn\u00fd \u00farad Horn\u00e1 Mi\u010din\u00e1 &nbsp; Adresa: Horn\u00e1 Mi\u010din\u00e1 79, 974 01 \u00a0Bansk\u00e1 Bystrica [&hellip;]","protected":false},"author":1,"featured_media":0,"parent":0,"menu_order":0,"comment_status":"closed","ping_status":"closed","template":"","meta":{"advanced_seo_description":"","jetpack_seo_html_title":"","jetpack_seo_noindex":false,"footnotes":""},"class_list":["post-135","page","type-page","status-publish","hentry"],"jetpack_sharing_enabled":true,"jetpack_shortlink":"https:\/\/wp.me\/P8RsFw-2b","jetpack-related-posts":[{"id":497,"url":"https:\/\/www.hornamicina.eu\/web\/denne-centrum\/","url_meta":{"origin":135,"position":0},"title":"Denn\u00e9 centrum obce","author":"admin","date":"18. okt\u00f3bra 2017","format":false,"excerpt":"Denn\u00e9 centrum obce Horn\u00e1 Mi\u010din\u00e1 Horn\u00e1 Mi\u010din\u00e1 79, 97401 \u00a0Horn\u00e1 Mi\u010din\u00e1 \u00a0 Otv\u00e1racie hodinyPondelok14:00 \u2013 20:00Utorok14:00 \u2013 20:00Streda14:00 \u2013 20:00\u0160tvrtok14:00 \u2013 20:00Piatok14:00 \u2013 20:00 \u00a0\u00a0Pozn\u00e1mka: zmena programu vyhraden\u00e1!\u00a0\u00a0Ak nie je ur\u010den\u00e9 inak \u2013 podujatia sa za\u010d\u00ednaj\u00fa o 14. hodine!\u00a0\u00a0O jednotliv\u00fdch podujatiach sa v predstihu dozviete na osobitn\u00fdch pozv\u00e1nkach na obecn\u00fdch\u00a0tabuliach\u2026","rel":"","context":"Podobn\u00fd pr\u00edspevok","block_context":{"text":"Podobn\u00fd pr\u00edspevok","link":""},"img":{"alt_text":"Denne centrum","src":"https:\/\/i0.wp.com\/www.hornamicina.eu\/web\/wp-content\/uploads\/2017\/10\/dennecentrum-1024x768.jpg?resize=350%2C200&ssl=1","width":350,"height":200,"srcset":"https:\/\/i0.wp.com\/www.hornamicina.eu\/web\/wp-content\/uploads\/2017\/10\/dennecentrum-1024x768.jpg?resize=350%2C200&ssl=1 1x, https:\/\/i0.wp.com\/www.hornamicina.eu\/web\/wp-content\/uploads\/2017\/10\/dennecentrum-1024x768.jpg?resize=525%2C300&ssl=1 1.5x, https:\/\/i0.wp.com\/www.hornamicina.eu\/web\/wp-content\/uploads\/2017\/10\/dennecentrum-1024x768.jpg?resize=700%2C400&ssl=1 2x"},"classes":[]},{"id":303,"url":"https:\/\/www.hornamicina.eu\/web\/obchod\/","url_meta":{"origin":135,"position":1},"title":"Potraviny LS &#8211; M\u00f4j obchod","author":"admin","date":"28. j\u00fana 2017","format":false,"excerpt":"Predaj alkoholuPredaj \u00faden\u00ednMo\u017enos\u0165 platby kartouSamoobsluha Potraviny LS Horn\u00e1 Mi\u010din\u00e1 156 97401 \u00a0Horn\u00e1 Mi\u010din\u00e1 \u00a0 Po\u010das \u0161t\u00e1tnych sviatkov zatvoren\u00e9. Otv\u00e1racie hodinyPondelok7:00 \u2013 13:0013:30 \u2013 17:00Utorok7:00 \u2013 13:0013:30 \u2013 17:00Streda7:00 \u2013 13:0013:30 \u2013 17:00\u0160tvrtok7:00 \u2013 13:0013:30 \u2013 17:00Piatok7:00 \u2013 13:0013:30 \u2013 17:00Sobota7:00 \u2013 11:00Nede\u013ea8:00 \u2013 11:00","rel":"","context":"Podobn\u00fd pr\u00edspevok","block_context":{"text":"Podobn\u00fd pr\u00edspevok","link":""},"img":{"alt_text":"logo Moj Obchod","src":"https:\/\/i0.wp.com\/www.hornamicina.eu\/web\/wp-content\/uploads\/2017\/06\/logo.png?resize=350%2C200&ssl=1","width":350,"height":200},"classes":[]},{"id":243,"url":"https:\/\/www.hornamicina.eu\/web\/urbar\/","url_meta":{"origin":135,"position":2},"title":"Pozemkov\u00e9 spolo\u010denstvo Urb\u00e1r","author":"admin","date":"28. j\u00fana 2017","format":false,"excerpt":"Pozemkov\u00e9 spolo\u010denstvo Urb\u00e1r Horn\u00e1 Mi\u010din\u00e1 Predseda: \u00a0Ing. Pavel Baran Adresa: Horn\u00e1 Mi\u010din\u00e1 114, 97401 Horn\u00e1 Mi\u010din\u00e1 I\u010cO: 17061423 Telef\u00f3n: 048 \/ 4180 914 \u00a0","rel":"","context":"Podobn\u00fd pr\u00edspevok","block_context":{"text":"Podobn\u00fd pr\u00edspevok","link":""},"img":{"alt_text":"","src":"","width":0,"height":0},"classes":[]},{"id":347,"url":"https:\/\/www.hornamicina.eu\/web\/vzn\/","url_meta":{"origin":135,"position":3},"title":"V\u0161eobecne z\u00e1v\u00e4zn\u00e9 nariadenia","author":"admin","date":"3. j\u00fala 2017","format":false,"excerpt":"V\u0161eobecne z\u00e1v\u00e4zn\u00e9 nariadenia obce Horn\u00e1 Mi\u010din\u00e1","rel":"","context":"Podobn\u00fd pr\u00edspevok","block_context":{"text":"Podobn\u00fd pr\u00edspevok","link":""},"img":{"alt_text":"horna micina logo erb","src":"https:\/\/i0.wp.com\/www.hornamicina.eu\/web\/wp-content\/uploads\/2017\/06\/cropped-logo-1.png?resize=350%2C200","width":350,"height":200},"classes":[]},{"id":853,"url":"https:\/\/www.hornamicina.eu\/web\/civilna-ochrana\/","url_meta":{"origin":135,"position":4},"title":"Civiln\u00e1 ochrana","author":"admin","date":"26. j\u00fana 2018","format":false,"excerpt":"CIVILN\u00c1\u00a0 OCHRANA Obec Horn\u00e1 Mi\u010din\u00e1 Stiahnu\u0165 organiza\u010dn\u00e9 pokyny","rel":"","context":"Podobn\u00fd pr\u00edspevok","block_context":{"text":"Podobn\u00fd pr\u00edspevok","link":""},"img":{"alt_text":"horna micina logo erb","src":"https:\/\/i0.wp.com\/www.hornamicina.eu\/web\/wp-content\/uploads\/2017\/06\/cropped-logo-1-150x150.png?resize=350%2C200","width":350,"height":200},"classes":[]},{"id":410,"url":"https:\/\/www.hornamicina.eu\/web\/elektronicka-uradna-tabula\/","url_meta":{"origin":135,"position":5},"title":"Elektronick\u00e1 \u00faradn\u00e1 tabu\u013ea","author":"admin","date":"10. j\u00fala 2017","format":false,"excerpt":"Elektronick\u00e1 \u00faradn\u00e1 tabu\u013ea Obec Horn\u00e1 Mi\u010din\u00e1","rel":"","context":"Podobn\u00fd pr\u00edspevok","block_context":{"text":"Podobn\u00fd pr\u00edspevok","link":""},"img":{"alt_text":"horna micina logo erb","src":"https:\/\/i0.wp.com\/www.hornamicina.eu\/web\/wp-content\/uploads\/2017\/06\/cropped-logo-1-150x150.png?resize=350%2C200","width":350,"height":200},"classes":[]}],"jetpack_likes_enabled":true,"_links":{"self":[{"href":"https:\/\/www.hornamicina.eu\/web\/wp-json\/wp\/v2\/pages\/135","targetHints":{"allow":["GET"]}}],"collection":[{"href":"https:\/\/www.hornamicina.eu\/web\/wp-json\/wp\/v2\/pages"}],"about":[{"href":"https:\/\/www.hornamicina.eu\/web\/wp-json\/wp\/v2\/types\/page"}],"author":[{"embeddable":true,"href":"https:\/\/www.hornamicina.eu\/web\/wp-json\/wp\/v2\/users\/1"}],"replies":[{"embeddable":true,"href":"https:\/\/www.hornamicina.eu\/web\/wp-json\/wp\/v2\/comments?post=135"}],"version-history":[{"count":0,"href":"https:\/\/www.hornamicina.eu\/web\/wp-json\/wp\/v2\/pages\/135\/revisions"}],"wp:attachment":[{"href":"https:\/\/www.hornamicina.eu\/web\/wp-json\/wp\/v2\/media?parent=135"}],"curies":[{"name":"wp","href":"https:\/\/api.w.org\/{rel}","templated":true}]}}