{"id":1264,"date":"2019-02-15T23:36:19","date_gmt":"2019-02-15T22:36:19","guid":{"rendered":"https:\/\/www.hornamicina.eu\/web\/?page_id=1264"},"modified":"2019-02-15T23:36:19","modified_gmt":"2019-02-15T22:36:19","slug":"ochrana-seniorov-2019","status":"publish","type":"page","link":"https:\/\/www.hornamicina.eu\/web\/ochrana-seniorov-2019\/","title":{"rendered":"Seniori a ich ochrana pred zlo\u010dinmi"},"content":{"rendered":"<style>#jtg-3430 .modula-item .jtg-social a, .lightbox-socials.jtg-social a{ fill: #ffffff; color: #ffffff }#jtg-3430 .modula-item .jtg-social-mobile a{ fill: #ffffff; color: #ffffff }#jtg-3430 .modula-item .jtg-social svg, .lightbox-socials.jtg-social svg { height: 16px; width: 16px }#jtg-3430 .modula-item .jtg-social-mobile svg { height: 16px; width: 16px }#jtg-3430 .modula-item .jtg-social a:not(:last-child), .lightbox-socials.jtg-social a:not(:last-child) { margin-right: 10px }#jtg-3430 .modula-item .jtg-social-mobile .jtg-social-mobile-icons a:not(:last-child){ margin-right: 10px }#jtg-3430 .modula-item .figc {color:#ffffff;}#jtg-3430 .modula-item .figc .jtg-title {  font-size: 16px; }#jtg-3430 .modula-item .modula-item-content { transform: scale(1) }#jtg-3430 { width:100%;}#jtg-3430 .modula-items .figc p.description { font-size:14px; }#jtg-3430 .modula-items .figc p.description { color:#ffffff;}#jtg-3430.modula-gallery .modula-item > a, #jtg-3430.modula-gallery .modula-item, #jtg-3430.modula-gallery .modula-item-content > a:not(.modula-no-follow) { cursor:magnifying-glass; } #jtg-3430.modula-gallery .modula-item-content .modula-no-follow { cursor: default; } @media screen and (max-width:480px){#jtg-3430 .modula-item .figc .jtg-title {  font-size: 12px; }#jtg-3430 .modula-items .figc p.description { color:#ffffff;font-size:10px; }}<\/style>\n<div  id=\"jtg-3430\" class=\"modula modula-gallery modula-columns\" data-config=\"{&quot;tabletHeight&quot;:800,&quot;mobileHeight&quot;:800,&quot;desktopHeight&quot;:800,&quot;enableTwitter&quot;:false,&quot;enableWhatsapp&quot;:false,&quot;enableFacebook&quot;:false,&quot;enablePinterest&quot;:false,&quot;enableLinkedin&quot;:false,&quot;enableEmail&quot;:false,&quot;randomFactor&quot;:0.5,&quot;type&quot;:&quot;grid&quot;,&quot;columns&quot;:12,&quot;gutter&quot;:10,&quot;mobileGutter&quot;:10,&quot;tabletGutter&quot;:10,&quot;desktopGutter&quot;:10,&quot;enableResponsive&quot;:0,&quot;tabletColumns&quot;:2,&quot;mobileColumns&quot;:1,&quot;lazyLoad&quot;:1,&quot;lightboxOpts&quot;:{&quot;animated&quot;:true,&quot;Thumbs&quot;:{&quot;type&quot;:&quot;modern&quot;,&quot;showOnStart&quot;:false},&quot;Toolbar&quot;:{&quot;display&quot;:{&quot;right&quot;:[&quot;close&quot;]},&quot;enabled&quot;:true},&quot;Carousel&quot;:{&quot;Panzoom&quot;:{&quot;touch&quot;:false},&quot;infinite&quot;:false},&quot;keyboard&quot;:{&quot;Escape&quot;:&quot;close&quot;,&quot;Delete&quot;:&quot;close&quot;,&quot;Backspace&quot;:&quot;close&quot;,&quot;PageUp&quot;:false,&quot;PageDown&quot;:false,&quot;ArrowUp&quot;:false,&quot;ArrowDown&quot;:false,&quot;ArrowRight&quot;:false,&quot;ArrowLeft&quot;:false},&quot;touch&quot;:false,&quot;backdropClick&quot;:false,&quot;l10n&quot;:{&quot;CLOSE&quot;:&quot;Close&quot;,&quot;NEXT&quot;:&quot;Next&quot;,&quot;PREV&quot;:&quot;Previous&quot;,&quot;Error&quot;:&quot;The requested content cannot be loaded. Please try again later.&quot;,&quot;PLAY_START&quot;:&quot;Start slideshow&quot;,&quot;PLAY_STOP&quot;:&quot;Pause slideshow&quot;,&quot;FULL_SCREEN&quot;:&quot;Full screen&quot;,&quot;THUMBS&quot;:&quot;Thumbnails&quot;,&quot;DOWNLOAD&quot;:&quot;Download&quot;,&quot;SHARE&quot;:&quot;Share&quot;,&quot;ZOOM&quot;:&quot;Zoom&quot;,&quot;EMAIL&quot;:&quot;Here is the link to the image : %%image_link%% and this is the link to the gallery : %%gallery_link%%&quot;,&quot;MODAL&quot;:&quot;You can close this modal content with the ESC key&quot;,&quot;ERROR&quot;:&quot;Something Went Wrong, Please Try Again Later&quot;,&quot;IMAGE_ERROR&quot;:&quot;Image Not Found&quot;,&quot;ELEMENT_NOT_FOUND&quot;:&quot;HTML Element Not Found&quot;,&quot;AJAX_NOT_FOUND&quot;:&quot;Error Loading AJAX : Not Found&quot;,&quot;AJAX_FORBIDDEN&quot;:&quot;Error Loading AJAX : Forbidden&quot;,&quot;IFRAME_ERROR&quot;:&quot;Error Loading Page&quot;,&quot;TOGGLE_ZOOM&quot;:&quot;Toggle zoom level&quot;,&quot;TOGGLE_THUMBS&quot;:&quot;Toggle thumbnails&quot;,&quot;TOGGLE_SLIDESHOW&quot;:&quot;Toggle slideshow&quot;,&quot;TOGGLE_FULLSCREEN&quot;:&quot;Toggle full-screen mode&quot;},&quot;Images&quot;:{&quot;Panzoom&quot;:{&quot;maxScale&quot;:2}},&quot;mainClass&quot;:&quot;modula-fancybox-container modula-lightbox-jtg-3430&quot;,&quot;Html&quot;:{&quot;videoAutoplay&quot;:0,&quot;videoTpl&quot;:&quot;&lt;video class=\\&quot;fancybox__html5video\\&quot; controls muted playsinline controlsList controlsList=\\&quot;nodownload\\&quot; poster=\\&quot;{{poster}}\\&quot; src=\\&quot;{{src}}\\&quot; type=\\&quot;{{format}}\\&quot; &gt;  Sorry, your browser doesn&#039;t support embedded videos, &lt;a href=\\&quot;{{src}}\\&quot;&gt; download &lt;\\\/a&gt; and watch with your favorite video player! &lt;\\\/video&gt;&quot;}},&quot;inView&quot;:false,&quot;email_subject&quot;:&quot;Check out this awesome image !!&quot;,&quot;email_message&quot;:&quot;Here is the link to the image : %%image_link%% and this is the link to the gallery : %%gallery_link%%&quot;,&quot;grid_type&quot;:&quot;automatic&quot;,&quot;rowHeight&quot;:150,&quot;lastRow&quot;:&quot;justify&quot;,&quot;lightbox&quot;:&quot;fancybox&quot;}\">\n\n\t\n\t<div  class=\"modula-items grid-gallery\">\n\t\t<div class=\"modula-item effect-pufrobo\" >\n\t<div class=\"modula-item-overlay\"><\/div>\n\n\t<div class=\"modula-item-content\">\n\n\t\t\t\t\n\t\t\t\t\t<a data-image-id=\"1261\" tabindex=\"0\" rel=\"jtg-3430\" data-caption=\"\" aria-label=\"Open image in lightbox\" role=\"button\" class=\"tile-inner modula-item-link\"><\/a>\n\t\t\n\t\t<img loading=\"lazy\" decoding=\"async\" class=\"pic wp-image-1261 lazyloaded\"  data-valign=\"middle\" data-halign=\"center\" alt=\"\" data-full=\"https:\/\/www.hornamicina.eu\/web\/wp-content\/uploads\/2019\/02\/20190206_101250.jpg\" title=\"20190206_101250\" width=\"859\" height=\"480\" src=\"https:\/\/i0.wp.com\/www.hornamicina.eu\/web\/wp-content\/uploads\/2019\/02\/20190206_101250.jpg?fit=3732%2C2084&amp;ssl=1\" data-src=\"https:\/\/i0.wp.com\/www.hornamicina.eu\/web\/wp-content\/uploads\/2019\/02\/20190206_101250.jpg?fit=3732%2C2084&amp;ssl=1\" data-caption=\"\" srcset=\"https:\/\/i0.wp.com\/www.hornamicina.eu\/web\/wp-content\/uploads\/2019\/02\/20190206_101250.jpg?w=3732&amp;ssl=1 3732w, https:\/\/i0.wp.com\/www.hornamicina.eu\/web\/wp-content\/uploads\/2019\/02\/20190206_101250.jpg?resize=300%2C168&amp;ssl=1 300w, https:\/\/i0.wp.com\/www.hornamicina.eu\/web\/wp-content\/uploads\/2019\/02\/20190206_101250.jpg?resize=768%2C429&amp;ssl=1 768w, https:\/\/i0.wp.com\/www.hornamicina.eu\/web\/wp-content\/uploads\/2019\/02\/20190206_101250.jpg?resize=1024%2C572&amp;ssl=1 1024w, https:\/\/i0.wp.com\/www.hornamicina.eu\/web\/wp-content\/uploads\/2019\/02\/20190206_101250.jpg?resize=720%2C402&amp;ssl=1 720w, https:\/\/i0.wp.com\/www.hornamicina.eu\/web\/wp-content\/uploads\/2019\/02\/20190206_101250.jpg?resize=1320%2C737&amp;ssl=1 1320w, https:\/\/i0.wp.com\/www.hornamicina.eu\/web\/wp-content\/uploads\/2019\/02\/20190206_101250.jpg?w=1540&amp;ssl=1 1540w, https:\/\/i0.wp.com\/www.hornamicina.eu\/web\/wp-content\/uploads\/2019\/02\/20190206_101250.jpg?w=2310&amp;ssl=1 2310w\" sizes=\"auto, (max-width: 770px) 100vw, 770px\" \/>\n\t\t<div class=\"figc no-description\">\n\t\t\t<div class=\"figc-inner\">\n\t\t\t\t\t\t\t\t\t<div class='jtg-title'>20190206_101250<\/div>\n\t\t\t\t\t\t\t\t\t\t\t\t\t\t\t<\/div>\n\t\t<\/div>\n\n\t<\/div>\n\n<\/div><div class=\"modula-item effect-pufrobo\" >\n\t<div class=\"modula-item-overlay\"><\/div>\n\n\t<div class=\"modula-item-content\">\n\n\t\t\t\t\n\t\t\t\t\t<a data-image-id=\"1262\" tabindex=\"0\" rel=\"jtg-3430\" data-caption=\"\" aria-label=\"Open image in lightbox\" role=\"button\" class=\"tile-inner modula-item-link\"><\/a>\n\t\t\n\t\t<img loading=\"lazy\" decoding=\"async\" class=\"pic wp-image-1262 lazyloaded\"  data-valign=\"middle\" data-halign=\"center\" alt=\"\" data-full=\"https:\/\/www.hornamicina.eu\/web\/wp-content\/uploads\/2019\/02\/20190206_101357.jpg\" title=\"20190206_101357\" width=\"736\" height=\"480\" src=\"https:\/\/i0.wp.com\/www.hornamicina.eu\/web\/wp-content\/uploads\/2019\/02\/20190206_101357.jpg?fit=3648%2C2377&amp;ssl=1\" data-src=\"https:\/\/i0.wp.com\/www.hornamicina.eu\/web\/wp-content\/uploads\/2019\/02\/20190206_101357.jpg?fit=3648%2C2377&amp;ssl=1\" data-caption=\"\" srcset=\"https:\/\/i0.wp.com\/www.hornamicina.eu\/web\/wp-content\/uploads\/2019\/02\/20190206_101357.jpg?w=3648&amp;ssl=1 3648w, https:\/\/i0.wp.com\/www.hornamicina.eu\/web\/wp-content\/uploads\/2019\/02\/20190206_101357.jpg?resize=300%2C195&amp;ssl=1 300w, https:\/\/i0.wp.com\/www.hornamicina.eu\/web\/wp-content\/uploads\/2019\/02\/20190206_101357.jpg?resize=768%2C500&amp;ssl=1 768w, https:\/\/i0.wp.com\/www.hornamicina.eu\/web\/wp-content\/uploads\/2019\/02\/20190206_101357.jpg?resize=1024%2C667&amp;ssl=1 1024w, https:\/\/i0.wp.com\/www.hornamicina.eu\/web\/wp-content\/uploads\/2019\/02\/20190206_101357.jpg?resize=720%2C469&amp;ssl=1 720w, https:\/\/i0.wp.com\/www.hornamicina.eu\/web\/wp-content\/uploads\/2019\/02\/20190206_101357.jpg?resize=1320%2C860&amp;ssl=1 1320w, https:\/\/i0.wp.com\/www.hornamicina.eu\/web\/wp-content\/uploads\/2019\/02\/20190206_101357.jpg?w=1540&amp;ssl=1 1540w, https:\/\/i0.wp.com\/www.hornamicina.eu\/web\/wp-content\/uploads\/2019\/02\/20190206_101357.jpg?w=2310&amp;ssl=1 2310w\" sizes=\"auto, (max-width: 736px) 100vw, 736px\" \/>\n\t\t<div class=\"figc no-description\">\n\t\t\t<div class=\"figc-inner\">\n\t\t\t\t\t\t\t\t\t<div class='jtg-title'>20190206_101357<\/div>\n\t\t\t\t\t\t\t\t\t\t\t\t\t\t\t<\/div>\n\t\t<\/div>\n\n\t<\/div>\n\n<\/div><div class=\"modula-item effect-pufrobo\" >\n\t<div class=\"modula-item-overlay\"><\/div>\n\n\t<div class=\"modula-item-content\">\n\n\t\t\t\t\n\t\t\t\t\t<a data-image-id=\"1263\" tabindex=\"0\" rel=\"jtg-3430\" data-caption=\"\" aria-label=\"Open image in lightbox\" role=\"button\" class=\"tile-inner modula-item-link\"><\/a>\n\t\t\n\t\t<img loading=\"lazy\" decoding=\"async\" class=\"pic wp-image-1263 lazyloaded\"  data-valign=\"middle\" data-halign=\"center\" alt=\"\" data-full=\"https:\/\/www.hornamicina.eu\/web\/wp-content\/uploads\/2019\/02\/20190206_101629.jpg\" title=\"20190206_101629\" width=\"851\" height=\"480\" src=\"https:\/\/i0.wp.com\/www.hornamicina.eu\/web\/wp-content\/uploads\/2019\/02\/20190206_101629.jpg?fit=3806%2C2145&amp;ssl=1\" data-src=\"https:\/\/i0.wp.com\/www.hornamicina.eu\/web\/wp-content\/uploads\/2019\/02\/20190206_101629.jpg?fit=3806%2C2145&amp;ssl=1\" data-caption=\"\" srcset=\"https:\/\/i0.wp.com\/www.hornamicina.eu\/web\/wp-content\/uploads\/2019\/02\/20190206_101629.jpg?w=3806&amp;ssl=1 3806w, https:\/\/i0.wp.com\/www.hornamicina.eu\/web\/wp-content\/uploads\/2019\/02\/20190206_101629.jpg?resize=300%2C169&amp;ssl=1 300w, https:\/\/i0.wp.com\/www.hornamicina.eu\/web\/wp-content\/uploads\/2019\/02\/20190206_101629.jpg?resize=768%2C433&amp;ssl=1 768w, https:\/\/i0.wp.com\/www.hornamicina.eu\/web\/wp-content\/uploads\/2019\/02\/20190206_101629.jpg?resize=1024%2C577&amp;ssl=1 1024w, https:\/\/i0.wp.com\/www.hornamicina.eu\/web\/wp-content\/uploads\/2019\/02\/20190206_101629.jpg?resize=720%2C406&amp;ssl=1 720w, https:\/\/i0.wp.com\/www.hornamicina.eu\/web\/wp-content\/uploads\/2019\/02\/20190206_101629.jpg?resize=1320%2C744&amp;ssl=1 1320w, https:\/\/i0.wp.com\/www.hornamicina.eu\/web\/wp-content\/uploads\/2019\/02\/20190206_101629.jpg?w=1540&amp;ssl=1 1540w, https:\/\/i0.wp.com\/www.hornamicina.eu\/web\/wp-content\/uploads\/2019\/02\/20190206_101629.jpg?w=2310&amp;ssl=1 2310w\" sizes=\"auto, (max-width: 770px) 100vw, 770px\" \/>\n\t\t<div class=\"figc no-description\">\n\t\t\t<div class=\"figc-inner\">\n\t\t\t\t\t\t\t\t\t<div class='jtg-title'>20190206_101629<\/div>\n\t\t\t\t\t\t\t\t\t\t\t\t\t\t\t<\/div>\n\t\t<\/div>\n\n\t<\/div>\n\n<\/div>\t\t\n\t<\/div>\n\n\t\n\t\n\t<script type=\"application\/ld+json\">\n\t{\n\t\t\"@context\": \"http:\/\/schema.org\",\n\t\t\"@type\"   : \"ImageGallery\",\n\t\t\"id\"      : \"https:\/\/www.hornamicina.eu\/web\/ochrana-seniorov-2019\/\",\n\t\t\"url\"     : \"https:\/\/www.hornamicina.eu\/web\/ochrana-seniorov-2019\/\"\n\t}\n\n\t<\/script>\n\n\t\n<\/div>\n","protected":false},"excerpt":{"rendered":"","protected":false},"author":1,"featured_media":0,"parent":0,"menu_order":0,"comment_status":"closed","ping_status":"closed","template":"","meta":{"advanced_seo_description":"","jetpack_seo_html_title":"","jetpack_seo_noindex":false,"footnotes":""},"class_list":["post-1264","page","type-page","status-publish","hentry"],"jetpack_sharing_enabled":true,"jetpack_shortlink":"https:\/\/wp.me\/P8RsFw-ko","jetpack-related-posts":[{"id":1809,"url":"https:\/\/www.hornamicina.eu\/web\/mdz-2020\/","url_meta":{"origin":1264,"position":0},"title":"MD\u017d 2020 &#8211; trad\u00edcia v obci pokra\u010duje","author":"admin","date":"12. marca 2020","format":false,"excerpt":"Medzin\u00e1rodn\u00fd de\u0148 \u017eien ako sviatok ne\u017enej\u0161ieho pohlavia si na\u010falej v\u00a0Hornej Mi\u010dinej udr\u017eiava svoju sl\u00e1vnostn\u00fa podobu. Ani v\u00a0sobotu 7. marca t.r. to nebolo inak. Kr\u00e1sne nazdoben\u00e1 s\u00e1la priv\u00edtala pribli\u017ene p\u00e4\u0165 desiatok \u017eien rozli\u010dn\u00e9ho veku, ktor\u00e9 prijali pozvanie starostu a\u00a0obecn\u00e9ho zastupite\u013estva v\u00a0spolupr\u00e1ci s\u00a0Centrom seniorov a\u00a0ZO Slovensk\u00e9ho zv\u00e4zu protifa\u0161istick\u00fdch bojovn\u00edkov na spolo\u010densk\u00e9 stretnutie.\u2026","rel":"","context":"Podobn\u00fd pr\u00edspevok","block_context":{"text":"Podobn\u00fd pr\u00edspevok","link":""},"img":{"alt_text":"","src":"","width":0,"height":0},"classes":[]},{"id":3024,"url":"https:\/\/www.hornamicina.eu\/web\/spomienka-pri-prilezitosti-77-vyrocia-oslobodenia-obce\/","url_meta":{"origin":1264,"position":1},"title":"Spomienka pri pr\u00edle\u017eitosti 77. v\u00fdro\u010dia oslobodenia obce","author":"admin","date":"7. apr\u00edla 2022","format":false,"excerpt":"Spomienka pri pr\u00edle\u017eitosti 77. v\u00fdro\u010dia oslobodenia obce Obyvatelia Hornej Mi\u010dinej v zast\u00fapen\u00ed \u010dlenov ZO Slovensk\u00e9ho zv\u00e4zu protifa\u0161istick\u00fdch bojovn\u00edkov si 23. marca 2022 uctili obete bojov pri osloboden\u00ed obce pred 77. rokmi. Pri pam\u00e4tnej tabuli na budove obecn\u00e9ho \u00faradu zap\u00e1lili sviece a n\u00e1sledne v priestoroch centra seniorov sa obozn\u00e1mili so stanoviskom\u2026","rel":"","context":"Podobn\u00fd pr\u00edspevok","block_context":{"text":"Podobn\u00fd pr\u00edspevok","link":""},"img":{"alt_text":"","src":"","width":0,"height":0},"classes":[]},{"id":2607,"url":"https:\/\/www.hornamicina.eu\/web\/exk-kat-cint-smbb-2021\/","url_meta":{"origin":1264,"position":2},"title":"Prehliadka katol\u00edckeho cintor\u00edna \u0160tefana Moysesa v BB","author":"admin","date":"29. augusta 2021","format":false,"excerpt":"Centrum seniorov obce- prehliadka katol\u00edckeho cintor\u00edna v\u00a0B. Bystrici Po dlhom \u010dase \u201ene\u010dinnosti\u201c centra kv\u00f4li kovidov\u00fdm opatreniam sa 2. m\u00e1ja 2021 uskuto\u010dnilo exteri\u00e9rov\u00e9 podujatie \u2013 prehliadka katol\u00edckeho cintor\u00edna v Banskej Bystrici na N\u00e1mest\u00ed \u0160tefana Moysesa. Pr\u00edtomn\u00e9 \u00fa\u010dastn\u00ed\u010dky sprev\u00e1dzala Jana Borgu\u013eov\u00e1, ktor\u00e1 ich informovala zauj\u00edmav\u00fdch osobnostiach verejn\u00e9ho,\u00a0 spolo\u010densk\u00e9ho a kult\u00farneho \u017eivota, ktor\u00e9\u2026","rel":"","context":"Podobn\u00fd pr\u00edspevok","block_context":{"text":"Podobn\u00fd pr\u00edspevok","link":""},"img":{"alt_text":"","src":"","width":0,"height":0},"classes":[]},{"id":3265,"url":"https:\/\/www.hornamicina.eu\/web\/micinsko-2022\/","url_meta":{"origin":1264,"position":3},"title":"Mi\u010dinsk\u00f4 2022","author":"admin","date":"24. augusta 2022","format":false,"excerpt":"","rel":"","context":"Podobn\u00fd pr\u00edspevok","block_context":{"text":"Podobn\u00fd pr\u00edspevok","link":""},"img":{"alt_text":"","src":"","width":0,"height":0},"classes":[]},{"id":509,"url":"https:\/\/www.hornamicina.eu\/web\/micinsko-2015\/","url_meta":{"origin":1264,"position":4},"title":"Mi\u010dinsk\u00f4 2015","author":"admin","date":"23. okt\u00f3bra 2017","format":false,"excerpt":"","rel":"","context":"Podobn\u00fd pr\u00edspevok","block_context":{"text":"Podobn\u00fd pr\u00edspevok","link":""},"img":{"alt_text":"","src":"","width":0,"height":0},"classes":[]},{"id":646,"url":"https:\/\/www.hornamicina.eu\/web\/mdd-2017\/","url_meta":{"origin":1264,"position":5},"title":"MDD 2017","author":"admin","date":"25. okt\u00f3bra 2017","format":false,"excerpt":"","rel":"","context":"Podobn\u00fd pr\u00edspevok","block_context":{"text":"Podobn\u00fd pr\u00edspevok","link":""},"img":{"alt_text":"","src":"","width":0,"height":0},"classes":[]}],"jetpack_likes_enabled":true,"_links":{"self":[{"href":"https:\/\/www.hornamicina.eu\/web\/wp-json\/wp\/v2\/pages\/1264","targetHints":{"allow":["GET"]}}],"collection":[{"href":"https:\/\/www.hornamicina.eu\/web\/wp-json\/wp\/v2\/pages"}],"about":[{"href":"https:\/\/www.hornamicina.eu\/web\/wp-json\/wp\/v2\/types\/page"}],"author":[{"embeddable":true,"href":"https:\/\/www.hornamicina.eu\/web\/wp-json\/wp\/v2\/users\/1"}],"replies":[{"embeddable":true,"href":"https:\/\/www.hornamicina.eu\/web\/wp-json\/wp\/v2\/comments?post=1264"}],"version-history":[{"count":0,"href":"https:\/\/www.hornamicina.eu\/web\/wp-json\/wp\/v2\/pages\/1264\/revisions"}],"wp:attachment":[{"href":"https:\/\/www.hornamicina.eu\/web\/wp-json\/wp\/v2\/media?parent=1264"}],"curies":[{"name":"wp","href":"https:\/\/api.w.org\/{rel}","templated":true}]}}